{"id":20964,"date":"2023-09-23T18:02:01","date_gmt":"2023-09-23T16:02:01","guid":{"rendered":"https:\/\/frickin.nl\/?post_type=product&#038;p=20964"},"modified":"2026-05-02T03:35:18","modified_gmt":"2026-05-02T01:35:18","slug":"liam-sporthandschoenen-voor-buitensporters","status":"publish","type":"product","link":"https:\/\/frickin.nl\/fr\/product\/liam-sporthandschoenen-voor-buitensporters\/","title":{"rendered":"Liam - Gants de sport pour l'ext\u00e9rieur avec bouts de doigts \u00e0 \u00e9cran tactile et paume en silicone pour une bonne prise en main"},"content":{"rendered":"<p>Les gants de sport Liam sont le choix id\u00e9al pour les athl\u00e8tes de plein air. Que vous fassiez du v\u00e9lo, de la course \u00e0 pied ou d'autres activit\u00e9s de plein air, ces gants sont con\u00e7us pour r\u00e9pondre \u00e0 vos besoins. Le bout du doigt \u00e0 \u00e9cran tactile sp\u00e9cial vous permet de contr\u00f4ler facilement votre smartphone, afin que vous puissiez toujours rester connect\u00e9, changer de musique ou enregistrer votre parcours.<\/p>\n<p>Les gants de sport pour les athl\u00e8tes de plein air sont dot\u00e9s d'une impression en silicone \u00e0 l'int\u00e9rieur de la paume, ce qui garantit une excellente adh\u00e9rence, par exemple, au guidon de votre v\u00e9lo ou \u00e0 d'autres \u00e9quipements. Vous pouvez ainsi pratiquer vos activit\u00e9s sportives en toute confiance. Gr\u00e2ce \u00e0 la doublure chaude en polaire, vos mains restent confortablement au chaud, m\u00eame dans les conditions les plus froides. En r\u00e9sum\u00e9, les gants de sport Liam allient fonctionnalit\u00e9 et confort, ce qui les rend indispensables \u00e0 tout amateur de sports de plein air.<\/p>","protected":false},"excerpt":{"rendered":"<p>Gants de sport Liam pour les athl\u00e8tes de plein air avec une paume en silicone pour une meilleure adh\u00e9rence et un bout de doigt pour \u00e9cran tactile !<\/p>","protected":false},"featured_media":26796,"comment_status":"closed","ping_status":"closed","template":"","meta":[],"product_brand":[],"product_cat":[17,16],"product_tag":[204],"woo-feed-brand":[],"class_list":{"0":"post-20964","1":"product","2":"type-product","3":"status-publish","4":"has-post-thumbnail","6":"product_cat-dames-handschoenen","7":"product_cat-heren-handschoenen","8":"product_tag-handschoenen-sale","10":"first","11":"outofstock","12":"taxable","13":"shipping-taxable","14":"purchasable","15":"product-type-variable","16":"has-default-attributes"},"_links":{"self":[{"href":"https:\/\/frickin.nl\/fr\/wp-json\/wp\/v2\/product\/20964","targetHints":{"allow":["GET"]}}],"collection":[{"href":"https:\/\/frickin.nl\/fr\/wp-json\/wp\/v2\/product"}],"about":[{"href":"https:\/\/frickin.nl\/fr\/wp-json\/wp\/v2\/types\/product"}],"replies":[{"embeddable":true,"href":"https:\/\/frickin.nl\/fr\/wp-json\/wp\/v2\/comments?post=20964"}],"wp:featuredmedia":[{"embeddable":true,"href":"https:\/\/frickin.nl\/fr\/wp-json\/wp\/v2\/media\/26796"}],"wp:attachment":[{"href":"https:\/\/frickin.nl\/fr\/wp-json\/wp\/v2\/media?parent=20964"}],"wp:term":[{"taxonomy":"product_brand","embeddable":true,"href":"https:\/\/frickin.nl\/fr\/wp-json\/wp\/v2\/product_brand?post=20964"},{"taxonomy":"product_cat","embeddable":true,"href":"https:\/\/frickin.nl\/fr\/wp-json\/wp\/v2\/product_cat?post=20964"},{"taxonomy":"product_tag","embeddable":true,"href":"https:\/\/frickin.nl\/fr\/wp-json\/wp\/v2\/product_tag?post=20964"},{"taxonomy":"woo-feed-brand","embeddable":true,"href":"https:\/\/frickin.nl\/fr\/wp-json\/wp\/v2\/woo-feed-brand?post=20964"}],"curies":[{"name":"wp","href":"https:\/\/api.w.org\/{rel}","templated":true}]}}