{"id":20974,"date":"2023-09-25T16:00:30","date_gmt":"2023-09-25T14:00:30","guid":{"rendered":"https:\/\/frickin.nl\/?post_type=product&#038;p=20974"},"modified":"2026-04-16T02:32:35","modified_gmt":"2026-04-16T00:32:35","slug":"cuir-mitaines-femme-rose-2","status":"publish","type":"product","link":"https:\/\/frickin.nl\/fr\/product\/lauren-gevoerde-warme-winter-wanten-dames-suede\/","title":{"rendered":"Lauren - Moufles d'hiver chaudes pour femmes en cuir su\u00e9d\u00e9 avec doublure en laine d'agneau"},"content":{"rendered":"<h2 style=\"text-align: left;\">Moufles d'hiver chaudes pour femmes - Lauren<\/h2>\n<p>Les moufles d'hiver Lauren sont sp\u00e9cialement con\u00e7ues pour les femmes qui souhaitent allier chaleur et style. Fabriqu\u00e9es en cuir su\u00e9d\u00e9 de haute qualit\u00e9, elles offrent un aspect luxueux, tandis que la doublure en laine d'agneau garde vos mains merveilleusement au chaud, m\u00eame pendant les journ\u00e9es d'hiver les plus froides. La conception des moufles offre une isolation suppl\u00e9mentaire et un confort ultime, faisant des Lauren un accessoire essentiel pour l'hiver. Intemporelles, \u00e9l\u00e9gantes et merveilleusement douces, elles sont parfaites pour un usage quotidien et pour les grandes occasions.<\/p>\n<h3>Pourquoi choisir les moufles Lauren ?<\/h3>\n<ul>\n<li class=\"bullet-checkmark\">Fabriqu\u00e9 en cuir su\u00e9d\u00e9 de haute qualit\u00e9 au toucher luxueux<\/li>\n<li class=\"bullet-checkmark\">Enti\u00e8rement doubl\u00e9 de laine d'agneau chaude et douce<\/li>\n<li class=\"bullet-checkmark\">Mod\u00e8le de moufles pour une isolation et un confort maximums<\/li>\n<li class=\"bullet-checkmark\">Design f\u00e9minin \u00e9l\u00e9gant, facile \u00e0 combiner<\/li>\n<li class=\"bullet-checkmark\">Parfait pour les journ\u00e9es froides d'hiver et les tenues \u00e9l\u00e9gantes<\/li>\n<\/ul>\n<h3>Commandez vos nouvelles moufles chez Frickin d\u00e8s aujourd'hui et profitez-en :<\/h3>\n<ul>\n<li class=\"bullet-checkmark\">Livraison gratuite pour tous vos achats<\/li>\n<li class=\"bullet-checkmark\">Livraison rapide, command\u00e9 avant 23:45 est exp\u00e9di\u00e9 aujourd'hui<\/li>\n<li class=\"bullet-checkmark\">Post-paiement avec protection totale de l'acheteur<\/li>\n<li class=\"bullet-checkmark\">Not\u00e9 9.2 par nos clients<\/li>\n<\/ul>\n<p>\ud83d\udca1 Conseil de style : Associez les moufles Lauren \u00e0 notre collection d'articles de sport. <a href=\"https:\/\/frickin.nl\/fr\/lerecueil\/mutsen-en-sjaals\/\">bonnets et \u00e9charpes en laine m\u00e9rinos<\/a> pour un ensemble hivernal complet. Id\u00e9al \u00e9galement pour offrir en cadeau pendant les f\u00eates ou lors d'une occasion sp\u00e9ciale.<\/p>","protected":false},"excerpt":{"rendered":"<p><strong><i>Moufles d'hiver chaudes pour dames, fabriqu\u00e9es en cuir de nappalan de couleur camel et dot\u00e9es d'une doublure chaude en laine lamellaire 100%. Le cuir nappalan est un daim sur lequel une fine couche de couleur a \u00e9t\u00e9 appliqu\u00e9e. Ce cuir soyeux est d\u00e9licat. Avec le temps, un certain degr\u00e9 d'usure sera visible sur la finition de la surface, c'est un effet normal et souhait\u00e9 du cuir nappalan !<\/i><\/strong><\/p>","protected":false},"featured_media":31544,"comment_status":"open","ping_status":"closed","template":"","meta":[],"product_brand":[],"product_cat":[17,176],"product_tag":[203,223,88,170,103],"woo-feed-brand":[],"class_list":{"0":"post-20974","1":"product","2":"type-product","3":"status-publish","4":"has-post-thumbnail","6":"product_cat-dames-handschoenen","7":"product_cat-wanten-dames","8":"product_tag-bruine-handschoenen","9":"product_tag-gevoerde-handschoenen","10":"product_tag-lammy-handschoenen","11":"product_tag-waterdichte-handschoenen","12":"product_tag-winddichte-handschoenen","14":"first","15":"outofstock","16":"taxable","17":"shipping-taxable","18":"purchasable","19":"product-type-variable","20":"has-default-attributes"},"_links":{"self":[{"href":"https:\/\/frickin.nl\/fr\/wp-json\/wp\/v2\/product\/20974","targetHints":{"allow":["GET"]}}],"collection":[{"href":"https:\/\/frickin.nl\/fr\/wp-json\/wp\/v2\/product"}],"about":[{"href":"https:\/\/frickin.nl\/fr\/wp-json\/wp\/v2\/types\/product"}],"replies":[{"embeddable":true,"href":"https:\/\/frickin.nl\/fr\/wp-json\/wp\/v2\/comments?post=20974"}],"wp:featuredmedia":[{"embeddable":true,"href":"https:\/\/frickin.nl\/fr\/wp-json\/wp\/v2\/media\/31544"}],"wp:attachment":[{"href":"https:\/\/frickin.nl\/fr\/wp-json\/wp\/v2\/media?parent=20974"}],"wp:term":[{"taxonomy":"product_brand","embeddable":true,"href":"https:\/\/frickin.nl\/fr\/wp-json\/wp\/v2\/product_brand?post=20974"},{"taxonomy":"product_cat","embeddable":true,"href":"https:\/\/frickin.nl\/fr\/wp-json\/wp\/v2\/product_cat?post=20974"},{"taxonomy":"product_tag","embeddable":true,"href":"https:\/\/frickin.nl\/fr\/wp-json\/wp\/v2\/product_tag?post=20974"},{"taxonomy":"woo-feed-brand","embeddable":true,"href":"https:\/\/frickin.nl\/fr\/wp-json\/wp\/v2\/woo-feed-brand?post=20974"}],"curies":[{"name":"wp","href":"https:\/\/api.w.org\/{rel}","templated":true}]}}