{"id":2413,"date":"2020-09-09T17:55:53","date_gmt":"2020-09-09T15:55:53","guid":{"rendered":"https:\/\/frickin.nl\/?post_type=product&#038;p=2413"},"modified":"2026-04-16T02:34:23","modified_gmt":"2026-04-16T00:34:23","slug":"gris-cuir-gants-hommes-finn","status":"publish","type":"product","link":"https:\/\/frickin.nl\/fr\/product\/grijze-heren-handschoenen-finn\/","title":{"rendered":"Finn (Sheepskin) - Gants \u00e9l\u00e9gants pour hommes, gris, avec doublure luxueuse en laine et cachemire"},"content":{"rendered":"<h2 style=\"text-align: left\">Gants gris pour hommes - Finn<\/h2>\n<p>Finn\" - un chef-d'\u0153uvre absolu en mati\u00e8re de gants pour hommes. Ces gants gris uniques pour homme combinent une paume en cuir de mouton avec un dessus en tissu gris, ajoutant un look professionnel et une touche de style \u00e0 votre tenue. Ce qui distingue vraiment \"Finn\", c'est la sangle r\u00e9glable que vous pouvez utiliser pour rendre les gants encore plus serr\u00e9s autour du poignet. Cela permet non seulement d'offrir une protection suppl\u00e9mentaire contre le vent froid, mais aussi d'ajouter un d\u00e9tail \u00e9l\u00e9gant.<\/p>\n<p>Ce qui rend ces gants encore plus sp\u00e9ciaux, c'est qu'ils ne sont produits qu'en \u00e9dition limit\u00e9e. Cela fait de \"Finn\" un article exclusif qui vous permet de vous d\u00e9marquer de la foule. La doublure en laine 85% et cachemire 15% procure \u00e9galement une sensation de luxe sur la peau.<\/p>\n<p>Choisissez \"Finn\" si vous \u00eates \u00e0 la recherche de gants qui offrent non seulement une protection confortable, mais qui sont \u00e9galement tr\u00e8s remarqu\u00e9s. D\u00e9marquez-vous de la foule avec ces gants pour hommes exclusifs et \u00e9l\u00e9gants.<br \/>\nVous voulez surprendre quelqu'un pendant les f\u00eates avec une paire de gants exclusive ? Jetez un coup d'\u0153il \u00e0 notre boutique et laissez-vous inspirer par nos gants. <a href=\"https:\/\/frickin.nl\/fr\/le-magasin\/\">offre exclusive<\/a> pour les femmes et les hommes.<\/p>","protected":false},"excerpt":{"rendered":"<p><em><strong>Les gants pour hommes Finn grey, une combinaison ultime de cuir et de tissu. Ces gants donnent \u00e0 votre tenue la touche finale qu'elle m\u00e9rite ! La paume est en cuir de ch\u00e8vre 100% et le dessus est tiss\u00e9 avec un fin tissu gris d'Italie. Restez \u00e0 l'aise tout au long de l'hiver gr\u00e2ce \u00e0 la chaude doublure en laine cachemire. En bref, avec le Finn, vous \u00eates pr\u00eat pour l'hiver !<\/strong><\/em><\/p>","protected":false},"featured_media":10397,"comment_status":"open","ping_status":"closed","template":"","meta":[],"product_brand":[],"product_cat":[16,167,182,252],"product_tag":[223,204,96,103,80],"woo-feed-brand":[191],"class_list":{"0":"post-2413","1":"product","2":"type-product","3":"status-publish","4":"has-post-thumbnail","6":"product_cat-heren-handschoenen","7":"product_cat-leren-handschoenen-heren","8":"product_cat-touchscreen-handschoenen-heren","9":"product_cat-winterhandschoenen-heren","10":"product_tag-gevoerde-handschoenen","11":"product_tag-handschoenen-sale","12":"product_tag-smartphone-handschoenen","13":"product_tag-winddichte-handschoenen","14":"product_tag-zwarte-handschoenen","15":"woo-feed-brand-frickin","17":"first","18":"outofstock","19":"taxable","20":"shipping-taxable","21":"purchasable","22":"product-type-variable","23":"has-default-attributes"},"_links":{"self":[{"href":"https:\/\/frickin.nl\/fr\/wp-json\/wp\/v2\/product\/2413","targetHints":{"allow":["GET"]}}],"collection":[{"href":"https:\/\/frickin.nl\/fr\/wp-json\/wp\/v2\/product"}],"about":[{"href":"https:\/\/frickin.nl\/fr\/wp-json\/wp\/v2\/types\/product"}],"replies":[{"embeddable":true,"href":"https:\/\/frickin.nl\/fr\/wp-json\/wp\/v2\/comments?post=2413"}],"wp:featuredmedia":[{"embeddable":true,"href":"https:\/\/frickin.nl\/fr\/wp-json\/wp\/v2\/media\/10397"}],"wp:attachment":[{"href":"https:\/\/frickin.nl\/fr\/wp-json\/wp\/v2\/media?parent=2413"}],"wp:term":[{"taxonomy":"product_brand","embeddable":true,"href":"https:\/\/frickin.nl\/fr\/wp-json\/wp\/v2\/product_brand?post=2413"},{"taxonomy":"product_cat","embeddable":true,"href":"https:\/\/frickin.nl\/fr\/wp-json\/wp\/v2\/product_cat?post=2413"},{"taxonomy":"product_tag","embeddable":true,"href":"https:\/\/frickin.nl\/fr\/wp-json\/wp\/v2\/product_tag?post=2413"},{"taxonomy":"woo-feed-brand","embeddable":true,"href":"https:\/\/frickin.nl\/fr\/wp-json\/wp\/v2\/woo-feed-brand?post=2413"}],"curies":[{"name":"wp","href":"https:\/\/api.w.org\/{rel}","templated":true}]}}