{"id":2438,"date":"2020-09-09T18:09:49","date_gmt":"2020-09-09T16:09:49","guid":{"rendered":"https:\/\/frickin.nl\/?post_type=product&#038;p=2438"},"modified":"2026-04-17T02:38:15","modified_gmt":"2026-04-17T00:38:15","slug":"vegane-cuir-gants-hommes-logan","status":"publish","type":"product","link":"https:\/\/frickin.nl\/fr\/product\/vegan-leren-handschoenen-heren-logan\/","title":{"rendered":"Logan (Eco-Leather) - Gants en cuir v\u00e9g\u00e9tal noir pour hommes avec doublure chaude et fonction \u00e9cran tactile"},"content":{"rendered":"<h2 style=\"text-align: left\">Gants en cuir v\u00e9g\u00e9talien pour hommes - Logan<\/h2>\n<p>Le mod\u00e8le \"Logan\" est un exemple de mode responsable et de durabilit\u00e9. Ces gants en cuir v\u00e9g\u00e9talien \u00e0 carreaux allient \u00e0 la perfection style et \u00e9thique. Ils font partie de notre collection de cuir \u00e9cologique, con\u00e7ue pour les personnes soucieuses de la durabilit\u00e9 et du bien-\u00eatre des animaux. Ils constituent donc une excellente alternative au cuir traditionnel.<\/p>\n<p>Ces gants ont une manchette chaude et ouverte qui tombe bien sur le poignet, offrant une protection suppl\u00e9mentaire contre le froid. Bien qu'ils soient dot\u00e9s d'une \u00e9l\u00e9gante ceinture, celle-ci n'est ni r\u00e9glable ni \u00e0 enfiler, mais elle ajoute une touche de style au design. Le \"Logan\" est \u00e9galement coupe-vent et peut supporter une pluie l\u00e9g\u00e8re, mais nous recommandons de les s\u00e9cher avec un chiffon apr\u00e8s utilisation pour prolonger leur dur\u00e9e de vie.<\/p>\n<p>Ces gants int\u00e8grent une fonction tactile pratique qui vous permet d'utiliser votre smartphone ou votre tablette sans les enlever. Ils sont donc parfaits pour ceux qui sont toujours en d\u00e9placement et qui veulent rester joignables. Optez pour le <a href=\"https:\/\/frickin.nl\/fr\/le-magasin\/\">gants de \"Frickin\"<\/a> et adopter un mode de vie durable et \u00e0 la mode. Ces gants prouvent qu'il est possible d'\u00eatre \u00e9l\u00e9gant et de se sentir bien dans ses choix.<\/p>\n<p>N'oubliez pas que le cuir v\u00e9g\u00e9tal est plus sensible que le cuir v\u00e9ritable. Faites attention \u00e0 l'eau et \u00e9vitez les objets rugueux ou tranchants pour conserver vos articles en parfait \u00e9tat.<\/p>","protected":false},"excerpt":{"rendered":"<p><em><strong>Les gants en cuir v\u00e9g\u00e9talien Logan pour homme vous offrent la touche finale de votre tenue. Le mod\u00e8le Logan est l'accessoire de mode qui ne doit pas manquer dans la garde-robe d'un homme moderne. Fabriqu\u00e9 en cuir \u00e9cologique v\u00e9g\u00e9talien 100% et dot\u00e9 d'une doublure confortable. Les gants sont \u00e9galement compatibles avec les \u00e9crans tactiles, ce qui vous permet d'utiliser facilement votre smartphone. Les doigts froids font donc partie du pass\u00e9.<\/strong><\/em><\/p>","protected":false},"featured_media":10393,"comment_status":"open","ping_status":"closed","template":"","meta":[],"product_brand":[],"product_cat":[16,253,182,181,252],"product_tag":[223,96,103,80],"woo-feed-brand":[191],"class_list":{"0":"post-2438","1":"product","2":"type-product","3":"status-publish","4":"has-post-thumbnail","6":"product_cat-heren-handschoenen","7":"product_cat-scooterhandschoenen-heren","8":"product_cat-touchscreen-handschoenen-heren","9":"product_cat-vegan-handschoenen-heren","10":"product_cat-winterhandschoenen-heren","11":"product_tag-gevoerde-handschoenen","12":"product_tag-smartphone-handschoenen","13":"product_tag-winddichte-handschoenen","14":"product_tag-zwarte-handschoenen","15":"woo-feed-brand-frickin","17":"first","18":"outofstock","19":"taxable","20":"shipping-taxable","21":"purchasable","22":"product-type-variable","23":"has-default-attributes"},"_links":{"self":[{"href":"https:\/\/frickin.nl\/fr\/wp-json\/wp\/v2\/product\/2438","targetHints":{"allow":["GET"]}}],"collection":[{"href":"https:\/\/frickin.nl\/fr\/wp-json\/wp\/v2\/product"}],"about":[{"href":"https:\/\/frickin.nl\/fr\/wp-json\/wp\/v2\/types\/product"}],"replies":[{"embeddable":true,"href":"https:\/\/frickin.nl\/fr\/wp-json\/wp\/v2\/comments?post=2438"}],"wp:featuredmedia":[{"embeddable":true,"href":"https:\/\/frickin.nl\/fr\/wp-json\/wp\/v2\/media\/10393"}],"wp:attachment":[{"href":"https:\/\/frickin.nl\/fr\/wp-json\/wp\/v2\/media?parent=2438"}],"wp:term":[{"taxonomy":"product_brand","embeddable":true,"href":"https:\/\/frickin.nl\/fr\/wp-json\/wp\/v2\/product_brand?post=2438"},{"taxonomy":"product_cat","embeddable":true,"href":"https:\/\/frickin.nl\/fr\/wp-json\/wp\/v2\/product_cat?post=2438"},{"taxonomy":"product_tag","embeddable":true,"href":"https:\/\/frickin.nl\/fr\/wp-json\/wp\/v2\/product_tag?post=2438"},{"taxonomy":"woo-feed-brand","embeddable":true,"href":"https:\/\/frickin.nl\/fr\/wp-json\/wp\/v2\/woo-feed-brand?post=2438"}],"curies":[{"name":"wp","href":"https:\/\/api.w.org\/{rel}","templated":true}]}}