{"id":2455,"date":"2020-09-09T16:33:16","date_gmt":"2020-09-09T16:33:16","guid":{"rendered":"https:\/\/frickin.nl\/?post_type=product&#038;p=2455"},"modified":"2026-04-15T02:29:05","modified_gmt":"2026-04-15T00:29:05","slug":"noir-cuir-gants-hommes-ace","status":"publish","type":"product","link":"https:\/\/frickin.nl\/fr\/product\/wollen-handschoenen-heren-ace\/","title":{"rendered":"Ace (Goatskin) - Gants de laine noirs pour hommes Faits \u00e0 la main avec doublure en laine et cachemire"},"content":{"rendered":"<h2 style=\"text-align: left;\">Gants en laine pour hommes - Ace<\/h2>\n<p>Laissez-nous vous pr\u00e9senter \"Ace\" - un chef-d'\u0153uvre d'artisanat et d'\u00e9l\u00e9gance dans le domaine des gants pour hommes. Ces gants faits main sont fabriqu\u00e9s en cuir de ch\u00e8vre de premi\u00e8re qualit\u00e9 et dot\u00e9s d'une paume en laine tricot\u00e9e. Ils sont disponibles en bleu et en noir. Ils tombent \u00e9l\u00e9gamment sur le poignet et peuvent \u00eatre ferm\u00e9s sans effort pour un ajustement parfait gr\u00e2ce \u00e0 la lani\u00e8re.<\/p>\n<p>Ce qui rend les gants en laine \"Ace\" pour hommes vraiment remarquables, c'est leur doublure luxueuse, compos\u00e9e d'un m\u00e9lange de laine (85%) et de cachemire (15%). Cette combinaison de mat\u00e9riaux offre une chaleur et un confort in\u00e9gal\u00e9s, gardant vos mains au chaud m\u00eame pendant les journ\u00e9es d'hiver les plus froides.<\/p>\n<p>Que vous soyez \u00e0 la recherche d'un compl\u00e9ment parfait \u00e0 votre garde-robe hivernale ou d'un cadeau \u00e9l\u00e9gant pour un \u00eatre cher, \"Ace\" offre la combinaison ultime de style et de chaleur. De plus, ces gants sont id\u00e9aux pour passer l'hiver avec style en compagnie de votre partenaire. D\u00e9couvrez notre collection <a href=\"https:\/\/frickin.nl\/fr\/lerecueil\/gants-femme-6\/gants-cuir-femme\/\">gants en cuir pour dames<\/a>. Et pour faire encore mieux, nous offrons la livraison gratuite aux Pays-Bas, en Belgique et en Allemagne. Choisissez les gants Frickin's et embrassez l'hiver dans un style pur et un confort luxueux.<\/p>","protected":false},"excerpt":{"rendered":"<p><em><strong>Les gants en laine Ace pour homme sont fabriqu\u00e9s en cuir de ch\u00e8vre v\u00e9ritable 100% sur la paume et pr\u00e9sentent un motif en laine tricot\u00e9e noire sur le dessus. Passez l'hiver confortablement gr\u00e2ce \u00e0 la chaude doublure en laine cachemire. Les doigts froids font ainsi partie du pass\u00e9. Stylis\u00e9s et \u00e9l\u00e9gants, les gants en laine Ace sont le compl\u00e9ment de toute tenue.<\/strong><\/em><\/p>","protected":false},"featured_media":10388,"comment_status":"open","ping_status":"closed","template":"","meta":[],"product_brand":[],"product_cat":[16,167,252],"product_tag":[223,103,80],"woo-feed-brand":[191],"class_list":{"0":"post-2455","1":"product","2":"type-product","3":"status-publish","4":"has-post-thumbnail","6":"product_cat-heren-handschoenen","7":"product_cat-leren-handschoenen-heren","8":"product_cat-winterhandschoenen-heren","9":"product_tag-gevoerde-handschoenen","10":"product_tag-winddichte-handschoenen","11":"product_tag-zwarte-handschoenen","12":"woo-feed-brand-frickin","14":"first","15":"outofstock","16":"taxable","17":"shipping-taxable","18":"purchasable","19":"product-type-variable","20":"has-default-attributes"},"_links":{"self":[{"href":"https:\/\/frickin.nl\/fr\/wp-json\/wp\/v2\/product\/2455","targetHints":{"allow":["GET"]}}],"collection":[{"href":"https:\/\/frickin.nl\/fr\/wp-json\/wp\/v2\/product"}],"about":[{"href":"https:\/\/frickin.nl\/fr\/wp-json\/wp\/v2\/types\/product"}],"replies":[{"embeddable":true,"href":"https:\/\/frickin.nl\/fr\/wp-json\/wp\/v2\/comments?post=2455"}],"wp:featuredmedia":[{"embeddable":true,"href":"https:\/\/frickin.nl\/fr\/wp-json\/wp\/v2\/media\/10388"}],"wp:attachment":[{"href":"https:\/\/frickin.nl\/fr\/wp-json\/wp\/v2\/media?parent=2455"}],"wp:term":[{"taxonomy":"product_brand","embeddable":true,"href":"https:\/\/frickin.nl\/fr\/wp-json\/wp\/v2\/product_brand?post=2455"},{"taxonomy":"product_cat","embeddable":true,"href":"https:\/\/frickin.nl\/fr\/wp-json\/wp\/v2\/product_cat?post=2455"},{"taxonomy":"product_tag","embeddable":true,"href":"https:\/\/frickin.nl\/fr\/wp-json\/wp\/v2\/product_tag?post=2455"},{"taxonomy":"woo-feed-brand","embeddable":true,"href":"https:\/\/frickin.nl\/fr\/wp-json\/wp\/v2\/woo-feed-brand?post=2455"}],"curies":[{"name":"wp","href":"https:\/\/api.w.org\/{rel}","templated":true}]}}