{"id":2495,"date":"2020-09-09T19:21:58","date_gmt":"2020-09-09T19:21:58","guid":{"rendered":"https:\/\/frickin.nl\/?post_type=product&#038;p=2495"},"modified":"2026-04-16T02:34:42","modified_gmt":"2026-04-16T00:34:42","slug":"vegane-cuir-gants-femme-roxy","status":"publish","type":"product","link":"https:\/\/frickin.nl\/fr\/product\/vegan-grijze-leren-handschoenen-dames-roxy\/","title":{"rendered":"Roxy (Vegan) - Gants en cuir gris pour femmes, fonction \u00e9cran tactile et doublure \u00e9paisse en polaire"},"content":{"rendered":"<h2 style=\"text-align: left;\">Gants \u00e9l\u00e9gants en cuir v\u00e9g\u00e9tal gris pour femmes - Roxy<\/h2>\n<p>Les gants Roxy sont le choix id\u00e9al pour ceux qui recherchent une alternative durable au cuir v\u00e9ritable. Fabriqu\u00e9s en cuir v\u00e9g\u00e9talien, \u00e9galement connu sous le nom d'\u00e9co-cuir ou de faux cuir, ces gants sont une option respectueuse de l'environnement sans compromis sur le style. Avec une paume noire et un dessus en tissu gris, termin\u00e9s par une lani\u00e8re contemporaine (non r\u00e9glable), les gants Roxy ajoutent un look contemporain \u00e0 votre garde-robe, \u00e0 ne pas manquer. De plus, ils sont dot\u00e9s d'un \u00e9cran tactile, ce qui vous permet d'utiliser votre smartphone ou votre tablette sans enlever vos gants.<\/p>\n<p>La doublure \u00e9paisse en polaire de ces gants gardera vos mains confortablement au chaud, m\u00eame par temps venteux. Roxy offre non seulement du style et de la fonctionnalit\u00e9, mais aussi un choix respectueux de l'environnement. Ajoutez ces gants tendance \u00e0 votre collection et contribuez \u00e0 un avenir plus durable. Pr\u00e9f\u00e9rez-vous acheter <a href=\"https:\/\/frickin.nl\/fr\/lerecueil\/gants-femme-6\/mitaines-femme\/\">moufles chaudes<\/a> ou vraiment <a href=\"https:\/\/frickin.nl\/fr\/lerecueil\/gants-femme-6\/gants-cuir-femme\/\">gants en cuir pour femmes<\/a>Nous les avons \u00e9galement dans notre nouvelle collection !<\/p>\n<p>N'oubliez pas que le cuir v\u00e9g\u00e9tal est plus sensible que le cuir v\u00e9ritable. Faites attention \u00e0 l'eau et \u00e9vitez les objets rugueux ou tranchants pour conserver vos articles en parfait \u00e9tat.<\/p>","protected":false},"excerpt":{"rendered":"<p><em><strong>Les gants en cuir gris v\u00e9g\u00e9tal Roxy pour femmes sont la paire de gants \u00e9l\u00e9gante de cette saison ! Fabriqu\u00e9 en cuir \u00e9cologique 100% et \u00e9quip\u00e9 d'une doublure chaude en polaire \u00e9paisse, ce mod\u00e8le a tout ce dont vous avez besoin cet hiver. Gr\u00e2ce \u00e0 la fonction d'\u00e9cran tactile, vous pouvez utiliser tous les smartphones sans effort et facilement, envoyer un message n'a jamais \u00e9t\u00e9 aussi facile. <\/strong><\/em><\/p>","protected":false},"featured_media":10338,"comment_status":"open","ping_status":"closed","template":"","meta":[],"product_brand":[],"product_cat":[17,183,180],"product_tag":[223,96,103,80],"woo-feed-brand":[191],"class_list":{"0":"post-2495","1":"product","2":"type-product","3":"status-publish","4":"has-post-thumbnail","6":"product_cat-dames-handschoenen","7":"product_cat-touchscreen-handschoenen-dames","8":"product_cat-vegan-handschoenen-dames","9":"product_tag-gevoerde-handschoenen","10":"product_tag-smartphone-handschoenen","11":"product_tag-winddichte-handschoenen","12":"product_tag-zwarte-handschoenen","13":"woo-feed-brand-frickin","15":"first","16":"outofstock","17":"featured","18":"taxable","19":"shipping-taxable","20":"purchasable","21":"product-type-variable","22":"has-default-attributes"},"_links":{"self":[{"href":"https:\/\/frickin.nl\/fr\/wp-json\/wp\/v2\/product\/2495","targetHints":{"allow":["GET"]}}],"collection":[{"href":"https:\/\/frickin.nl\/fr\/wp-json\/wp\/v2\/product"}],"about":[{"href":"https:\/\/frickin.nl\/fr\/wp-json\/wp\/v2\/types\/product"}],"replies":[{"embeddable":true,"href":"https:\/\/frickin.nl\/fr\/wp-json\/wp\/v2\/comments?post=2495"}],"wp:featuredmedia":[{"embeddable":true,"href":"https:\/\/frickin.nl\/fr\/wp-json\/wp\/v2\/media\/10338"}],"wp:attachment":[{"href":"https:\/\/frickin.nl\/fr\/wp-json\/wp\/v2\/media?parent=2495"}],"wp:term":[{"taxonomy":"product_brand","embeddable":true,"href":"https:\/\/frickin.nl\/fr\/wp-json\/wp\/v2\/product_brand?post=2495"},{"taxonomy":"product_cat","embeddable":true,"href":"https:\/\/frickin.nl\/fr\/wp-json\/wp\/v2\/product_cat?post=2495"},{"taxonomy":"product_tag","embeddable":true,"href":"https:\/\/frickin.nl\/fr\/wp-json\/wp\/v2\/product_tag?post=2495"},{"taxonomy":"woo-feed-brand","embeddable":true,"href":"https:\/\/frickin.nl\/fr\/wp-json\/wp\/v2\/woo-feed-brand?post=2495"}],"curies":[{"name":"wp","href":"https:\/\/api.w.org\/{rel}","templated":true}]}}