{"id":2523,"date":"2020-09-09T22:00:10","date_gmt":"2020-09-09T20:00:10","guid":{"rendered":"https:\/\/frickin.nl\/?post_type=product&#038;p=2523"},"modified":"2026-04-17T02:38:33","modified_gmt":"2026-04-17T00:38:33","slug":"daim-merinos-cuir-mitaines-femme-ivy","status":"publish","type":"product","link":"https:\/\/frickin.nl\/fr\/product\/merino-suede-wanten-dames-toscaans-bont\/","title":{"rendered":"Ivy (Camel) - Moufles en daim pour femmes, \u00e9dition limit\u00e9e exclusive, doubl\u00e9es de laine d'agneau et de fourrure toscane"},"content":{"rendered":"<h2 style=\"text-align: left\">Ivy - Moufles en daim exclusives \u00e0 \u00e9dition limit\u00e9e pour dames avec fourrure toscane<\/h2>\n<p>Pour ceux qui recherchent des mitaines purement exclusives, nous sommes fiers de pr\u00e9senter Ivy, une \u00e9dition limit\u00e9e qui se distingue par son style et son luxe. Fabriqu\u00e9es \u00e0 partir du meilleur daim m\u00e9rinos naturel, ces moufles sont orn\u00e9es de 100% de fourrure toscane authentique de Mongolie. Les moufles Ivy apportent une touche finale exclusive \u00e0 votre tenue, comme vous le m\u00e9ritez. Mais ce n'est pas tout, elles offrent \u00e9galement une chaleur extraordinaire et une protection contre le vent froid, car elles sont coupe-vent.<\/p>\n<p>Porter Ivy, c'est choisir non seulement l'exclusivit\u00e9, mais aussi la qualit\u00e9 et le confort. La fourrure toscane enveloppe vos mains d'une chaleur douillette, tandis que le daim luxueux ajoute une touche d'\u00e9l\u00e9gance et de sophistication. Choisissez Ivy pour vous d\u00e9marquer avec style et aborder l'hiver avec le luxe et la chaleur ultimes. Faites vite, car ces moufles en \u00e9dition limit\u00e9e ne sont disponibles qu'en quantit\u00e9s limit\u00e9es. Vous cherchez une paire exclusive pour votre partenaire ? Ne manquez pas de jeter un coup d'\u0153il \u00e0 notre collection. <a href=\"https:\/\/frickin.nl\/fr\/lerecueil\/gants-hommes-2\/gants-cuir-homme\/\">gants en cuir pour hommes<\/a>.<\/p>","protected":false},"excerpt":{"rendered":"<p><strong><i>Vous \u00eates \u00e0 la recherche d'une paire de gants tr\u00e8s exclusive ? Alors les moufles Ivy en daim sont faites pour vous ! Ces moufles design de luxe sont fabriqu\u00e9es en daim m\u00e9rinos naturel v\u00e9ritable et sont dot\u00e9es de 100% de v\u00e9ritable fourrure toscane de Mongolie. Ces moufles offrent \u00e0 votre tenue la touche finale exclusive qu'elle m\u00e9rite tout en gardant vos mains confortablement au chaud.<\/i><\/strong><\/p>","protected":false},"featured_media":10328,"comment_status":"open","ping_status":"closed","template":"","meta":[],"product_brand":[],"product_cat":[17,176],"product_tag":[203,223,204,88,103],"woo-feed-brand":[191],"class_list":{"0":"post-2523","1":"product","2":"type-product","3":"status-publish","4":"has-post-thumbnail","6":"product_cat-dames-handschoenen","7":"product_cat-wanten-dames","8":"product_tag-bruine-handschoenen","9":"product_tag-gevoerde-handschoenen","10":"product_tag-handschoenen-sale","11":"product_tag-lammy-handschoenen","12":"product_tag-winddichte-handschoenen","13":"woo-feed-brand-frickin","15":"first","16":"outofstock","17":"taxable","18":"shipping-taxable","19":"purchasable","20":"product-type-variable","21":"has-default-attributes"},"_links":{"self":[{"href":"https:\/\/frickin.nl\/fr\/wp-json\/wp\/v2\/product\/2523","targetHints":{"allow":["GET"]}}],"collection":[{"href":"https:\/\/frickin.nl\/fr\/wp-json\/wp\/v2\/product"}],"about":[{"href":"https:\/\/frickin.nl\/fr\/wp-json\/wp\/v2\/types\/product"}],"replies":[{"embeddable":true,"href":"https:\/\/frickin.nl\/fr\/wp-json\/wp\/v2\/comments?post=2523"}],"wp:featuredmedia":[{"embeddable":true,"href":"https:\/\/frickin.nl\/fr\/wp-json\/wp\/v2\/media\/10328"}],"wp:attachment":[{"href":"https:\/\/frickin.nl\/fr\/wp-json\/wp\/v2\/media?parent=2523"}],"wp:term":[{"taxonomy":"product_brand","embeddable":true,"href":"https:\/\/frickin.nl\/fr\/wp-json\/wp\/v2\/product_brand?post=2523"},{"taxonomy":"product_cat","embeddable":true,"href":"https:\/\/frickin.nl\/fr\/wp-json\/wp\/v2\/product_cat?post=2523"},{"taxonomy":"product_tag","embeddable":true,"href":"https:\/\/frickin.nl\/fr\/wp-json\/wp\/v2\/product_tag?post=2523"},{"taxonomy":"woo-feed-brand","embeddable":true,"href":"https:\/\/frickin.nl\/fr\/wp-json\/wp\/v2\/woo-feed-brand?post=2523"}],"curies":[{"name":"wp","href":"https:\/\/api.w.org\/{rel}","templated":true}]}}