{"id":26254,"date":"2024-07-20T16:07:35","date_gmt":"2024-07-20T14:07:35","guid":{"rendered":"https:\/\/frickin.nl\/?post_type=product&#038;p=26254"},"modified":"2026-05-01T03:31:31","modified_gmt":"2026-05-01T01:31:31","slug":"carbon-wallet-zwart","status":"publish","type":"product","link":"https:\/\/frickin.nl\/fr\/product\/carbon-wallet-zwart\/","title":{"rendered":"Portefeuille en carbone noir"},"content":{"rendered":"<h2 style=\"text-align: left\">Portefeuille en carbone noir<\/h2>\n<p>D\u00e9couvrez l'\u00e9quilibre parfait entre style et fonctionnalit\u00e9 avec le Carbon Wallet Black de la collection Frickin. Fabriqu\u00e9 en cuir v\u00e9ritable de haute qualit\u00e9 avec un aspect carbone tr\u00e8s tendance, cet \u00e9l\u00e9gant portefeuille est con\u00e7u pour l'utilisateur moderne qui accorde de l'importance \u00e0 la mode et \u00e0 la s\u00e9curit\u00e9.<\/p>\n<p>Le portefeuille Carbon peut contenir 5 cartes, ce qui permet de ranger facilement toutes vos cartes essentielles. La pochette s\u00e9par\u00e9e pour les notes permet de les ranger de mani\u00e8re ordonn\u00e9e. En outre, ce portefeuille est dot\u00e9 d'une poche zipp\u00e9e sp\u00e9cialement con\u00e7ue pour les pi\u00e8ces de monnaie, de sorte que vous ne perdrez plus jamais de monnaie.<\/p>\n<p>Ce qui rend ce portefeuille vraiment sp\u00e9cial, c'est la protection RFID int\u00e9gr\u00e9e. Cette technologie prot\u00e8ge vos cartes contre l'\u00e9cr\u00e9mage, ce qui permet de prot\u00e9ger vos donn\u00e9es personnelles et vos informations financi\u00e8res.<\/p>\n<p>Le portefeuille Carbon n'est pas seulement fonctionnel, il est aussi \u00e9l\u00e9gant. Son design \u00e9pur\u00e9 et moderne en fait un compl\u00e9ment id\u00e9al \u00e0 toute tenue. Disponible en trois couleurs classiques - noir, marron et rose - il y a toujours une couleur qui correspond \u00e0 votre style personnel.<\/p>\n<p>Choisissez le Carbon Wallet Black et faites l'exp\u00e9rience du luxe Frickin : un portefeuille soigneusement con\u00e7u pour \u00eatre \u00e0 la fois pratique et \u00e0 la mode.<\/p>","protected":false},"excerpt":{"rendered":"<p>Le Black Carbon Wallet de Frickin's allie style et fonctionnalit\u00e9 dans un portefeuille compact en cuir au look carbone moderne. Avec un espace pour 5 cartes, une poche s\u00e9par\u00e9e pour les billets et un compartiment \u00e0 monnaie zipp\u00e9, ce portefeuille offre tout ce dont vous avez besoin. De plus, la technologie RFID prot\u00e8ge vos cartes contre l'\u00e9cr\u00e9mage.<\/p>","protected":false},"featured_media":26466,"comment_status":"open","ping_status":"closed","template":"","meta":[],"product_brand":[],"product_cat":[236],"product_tag":[238,237],"woo-feed-brand":[191],"class_list":{"0":"post-26254","1":"product","2":"type-product","3":"status-publish","4":"has-post-thumbnail","6":"product_cat-portemonnee","7":"product_tag-portemonnee","8":"product_tag-rfid","9":"woo-feed-brand-frickin","11":"first","12":"outofstock","13":"taxable","14":"shipping-taxable","15":"purchasable","16":"product-type-simple"},"_links":{"self":[{"href":"https:\/\/frickin.nl\/fr\/wp-json\/wp\/v2\/product\/26254","targetHints":{"allow":["GET"]}}],"collection":[{"href":"https:\/\/frickin.nl\/fr\/wp-json\/wp\/v2\/product"}],"about":[{"href":"https:\/\/frickin.nl\/fr\/wp-json\/wp\/v2\/types\/product"}],"replies":[{"embeddable":true,"href":"https:\/\/frickin.nl\/fr\/wp-json\/wp\/v2\/comments?post=26254"}],"wp:featuredmedia":[{"embeddable":true,"href":"https:\/\/frickin.nl\/fr\/wp-json\/wp\/v2\/media\/26466"}],"wp:attachment":[{"href":"https:\/\/frickin.nl\/fr\/wp-json\/wp\/v2\/media?parent=26254"}],"wp:term":[{"taxonomy":"product_brand","embeddable":true,"href":"https:\/\/frickin.nl\/fr\/wp-json\/wp\/v2\/product_brand?post=26254"},{"taxonomy":"product_cat","embeddable":true,"href":"https:\/\/frickin.nl\/fr\/wp-json\/wp\/v2\/product_cat?post=26254"},{"taxonomy":"product_tag","embeddable":true,"href":"https:\/\/frickin.nl\/fr\/wp-json\/wp\/v2\/product_tag?post=26254"},{"taxonomy":"woo-feed-brand","embeddable":true,"href":"https:\/\/frickin.nl\/fr\/wp-json\/wp\/v2\/woo-feed-brand?post=26254"}],"curies":[{"name":"wp","href":"https:\/\/api.w.org\/{rel}","templated":true}]}}