{"id":26265,"date":"2024-07-20T17:06:12","date_gmt":"2024-07-20T15:06:12","guid":{"rendered":"https:\/\/frickin.nl\/?post_type=product&#038;p=26265"},"modified":"2026-05-12T04:20:27","modified_gmt":"2026-05-12T02:20:27","slug":"elite-wallet-zwart-bruin","status":"publish","type":"product","link":"https:\/\/frickin.nl\/fr\/product\/elite-wallet-zwart-bruin\/","title":{"rendered":"Portefeuille Elite Noir\/Marron"},"content":{"rendered":"<h2 style=\"text-align: left\">Portefeuille d'\u00e9lite<\/h2>\n<p>D\u00e9couvrez la combinaison ultime du luxe et de la fonctionnalit\u00e9 avec le portefeuille Elite Black\/Brown de la collection Frickin. Ce portefeuille de haute qualit\u00e9 est fabriqu\u00e9 en cuir v\u00e9ritable et ex\u00e9cut\u00e9 dans un style bicolore sophistiqu\u00e9, parfait pour l'utilisateur moderne qui ne veut pas faire de compromis sur la mode et la s\u00e9curit\u00e9.<\/p>\n<p>Le portefeuille Elite offre un espace pour 6 cartes, ce qui vous permet de ranger facilement toutes vos cartes les plus importantes. Gr\u00e2ce \u00e0 la pince \u00e0 billets pratique, vous aurez toujours vos billets bien rang\u00e9s et \u00e0 port\u00e9e de main. En outre, ce portefeuille est dot\u00e9 d'une poche zipp\u00e9e sp\u00e9cialement con\u00e7ue pour les pi\u00e8ces de monnaie, de sorte que vous ne perdrez plus jamais de monnaie.<\/p>\n<p>Ce qui distingue vraiment ce portefeuille, c'est la protection RFID int\u00e9gr\u00e9e. Cette technologie avanc\u00e9e prot\u00e8ge vos cartes contre le piratage. Vos donn\u00e9es personnelles et vos informations financi\u00e8res sont ainsi toujours en s\u00e9curit\u00e9.<\/p>\n<p>Le portefeuille Elite est plus que fonctionnel, c'est une d\u00e9claration de style et d'\u00e9l\u00e9gance. Son design \u00e9pur\u00e9 et moderne, d\u00e9clin\u00e9 en deux couleurs, en fait un compl\u00e9ment id\u00e9al \u00e0 toute tenue. Disponible en trois combinaisons de couleurs classiques - noir\/marron, noir\/marron clair et marron\/marron clair - il y a toujours une variante pour s'adapter \u00e0 votre style personnel.<\/p>\n<p>Choisissez le portefeuille Elite et d\u00e9couvrez la qualit\u00e9 et le savoir-faire de Frickin : un portefeuille soigneusement con\u00e7u pour \u00eatre \u00e0 la fois pratique et \u00e0 la mode.<\/p>","protected":false},"excerpt":{"rendered":"<p>Le portefeuille Elite noir\/marron de Frickin allie luxe et fonctionnalit\u00e9 dans un design \u00e9l\u00e9gant en cuir bicolore. Avec un espace pour 6 cartes, un clip pour les billets et une fermeture \u00e0 glissi\u00e8re pour les pi\u00e8ces de monnaie, ce portefeuille offre tout ce dont vous avez besoin. La technologie RFID prot\u00e8ge vos cartes contre l'\u00e9cr\u00e9mage. Disponible en trois combinaisons de couleurs.<\/p>","protected":false},"featured_media":26424,"comment_status":"open","ping_status":"closed","template":"","meta":[],"product_brand":[],"product_cat":[236],"product_tag":[238,237],"woo-feed-brand":[191],"class_list":{"0":"post-26265","1":"product","2":"type-product","3":"status-publish","4":"has-post-thumbnail","6":"product_cat-portemonnee","7":"product_tag-portemonnee","8":"product_tag-rfid","9":"woo-feed-brand-frickin","11":"first","12":"outofstock","13":"taxable","14":"shipping-taxable","15":"purchasable","16":"product-type-simple"},"_links":{"self":[{"href":"https:\/\/frickin.nl\/fr\/wp-json\/wp\/v2\/product\/26265","targetHints":{"allow":["GET"]}}],"collection":[{"href":"https:\/\/frickin.nl\/fr\/wp-json\/wp\/v2\/product"}],"about":[{"href":"https:\/\/frickin.nl\/fr\/wp-json\/wp\/v2\/types\/product"}],"replies":[{"embeddable":true,"href":"https:\/\/frickin.nl\/fr\/wp-json\/wp\/v2\/comments?post=26265"}],"wp:featuredmedia":[{"embeddable":true,"href":"https:\/\/frickin.nl\/fr\/wp-json\/wp\/v2\/media\/26424"}],"wp:attachment":[{"href":"https:\/\/frickin.nl\/fr\/wp-json\/wp\/v2\/media?parent=26265"}],"wp:term":[{"taxonomy":"product_brand","embeddable":true,"href":"https:\/\/frickin.nl\/fr\/wp-json\/wp\/v2\/product_brand?post=26265"},{"taxonomy":"product_cat","embeddable":true,"href":"https:\/\/frickin.nl\/fr\/wp-json\/wp\/v2\/product_cat?post=26265"},{"taxonomy":"product_tag","embeddable":true,"href":"https:\/\/frickin.nl\/fr\/wp-json\/wp\/v2\/product_tag?post=26265"},{"taxonomy":"woo-feed-brand","embeddable":true,"href":"https:\/\/frickin.nl\/fr\/wp-json\/wp\/v2\/woo-feed-brand?post=26265"}],"curies":[{"name":"wp","href":"https:\/\/api.w.org\/{rel}","templated":true}]}}