{"id":26273,"date":"2024-07-20T17:51:08","date_gmt":"2024-07-20T15:51:08","guid":{"rendered":"https:\/\/frickin.nl\/?post_type=product&#038;p=26273"},"modified":"2026-04-15T02:26:43","modified_gmt":"2026-04-15T00:26:43","slug":"twist-wallet-lichtbruin","status":"publish","type":"product","link":"https:\/\/frickin.nl\/fr\/product\/twist-wallet-lichtbruin\/","title":{"rendered":"Portefeuille Twist Marron clair"},"content":{"rendered":"<h2 style=\"text-align: left\">Portefeuille Twist Marron clair<\/h2>\n<p>Le Twist Wallet Light Brown de la collection Frickin est un porte-monnaie pratique et \u00e9l\u00e9gant. Ce portefeuille fin mais fonctionnel est fabriqu\u00e9 en cuir v\u00e9ritable de haute qualit\u00e9, ce qui le rend non seulement durable mais aussi \u00e9l\u00e9gant.<\/p>\n<p>Le Twist Wallet peut contenir 5 cartes, ce qui vous permet de ranger toutes vos cartes essentielles de mani\u00e8re compacte. Les sangles \u00e9lastiques pour les billets garantissent que vos billets sont toujours bien rang\u00e9s et en s\u00e9curit\u00e9. En outre, ce portefeuille est dot\u00e9 d'une poche zipp\u00e9e sp\u00e9cialement con\u00e7ue pour les pi\u00e8ces de monnaie, de sorte que vous ne perdrez plus jamais de monnaie.<\/p>\n<p>L'une des caract\u00e9ristiques uniques du Twist Wallet est sa fonction de bascule subtile. Cette fonction innovante garantit que votre portefeuille est rapidement et facilement accessible de tous les c\u00f4t\u00e9s, ce qui vous permet d'acc\u00e9der sans effort \u00e0 vos cartes et \u00e0 votre argent. De plus, le Twist Wallet est \u00e9quip\u00e9 d'une protection RFID, qui prot\u00e8ge vos cartes contre les scans et les \u00e9cr\u00e9mages ind\u00e9sirables, afin de pr\u00e9server la s\u00e9curit\u00e9 de vos donn\u00e9es personnelles et de vos informations financi\u00e8res.<\/p>\n<p>Le Twist Wallet n'est pas seulement pratique, il est aussi \u00e9l\u00e9gant. Son design \u00e9pur\u00e9 et moderne en fait un compl\u00e9ment id\u00e9al \u00e0 toute tenue. Disponible en trois couleurs classiques - noir, marron et marron clair - il y a toujours une couleur qui correspond \u00e0 votre style personnel.<\/p>\n<p>Choisissez le Twist Wallet et d\u00e9couvrez le m\u00e9lange parfait d'innovation, de style et de fonctionnalit\u00e9 que seul Frickin peut offrir.<\/p>","protected":false},"excerpt":{"rendered":"<p>Le Twist Wallet Light Brown de Frickin est un portefeuille fin en cuir dot\u00e9 d'une fonction innovante de retournement pour un acc\u00e8s rapide. Avec un espace pour 5 cartes, des sangles \u00e9lastiques pour les billets et une fermeture \u00e0 glissi\u00e8re pour les pi\u00e8ces de monnaie, ce portefeuille est polyvalent et pratique. La protection RFID offre une s\u00e9curit\u00e9 suppl\u00e9mentaire. Disponible en noir, marron et beige.<\/p>","protected":false},"featured_media":26482,"comment_status":"open","ping_status":"closed","template":"","meta":[],"product_brand":[],"product_cat":[236],"product_tag":[238,237],"woo-feed-brand":[191],"class_list":{"0":"post-26273","1":"product","2":"type-product","3":"status-publish","4":"has-post-thumbnail","6":"product_cat-portemonnee","7":"product_tag-portemonnee","8":"product_tag-rfid","9":"woo-feed-brand-frickin","11":"first","12":"outofstock","13":"taxable","14":"shipping-taxable","15":"purchasable","16":"product-type-simple"},"_links":{"self":[{"href":"https:\/\/frickin.nl\/fr\/wp-json\/wp\/v2\/product\/26273","targetHints":{"allow":["GET"]}}],"collection":[{"href":"https:\/\/frickin.nl\/fr\/wp-json\/wp\/v2\/product"}],"about":[{"href":"https:\/\/frickin.nl\/fr\/wp-json\/wp\/v2\/types\/product"}],"replies":[{"embeddable":true,"href":"https:\/\/frickin.nl\/fr\/wp-json\/wp\/v2\/comments?post=26273"}],"wp:featuredmedia":[{"embeddable":true,"href":"https:\/\/frickin.nl\/fr\/wp-json\/wp\/v2\/media\/26482"}],"wp:attachment":[{"href":"https:\/\/frickin.nl\/fr\/wp-json\/wp\/v2\/media?parent=26273"}],"wp:term":[{"taxonomy":"product_brand","embeddable":true,"href":"https:\/\/frickin.nl\/fr\/wp-json\/wp\/v2\/product_brand?post=26273"},{"taxonomy":"product_cat","embeddable":true,"href":"https:\/\/frickin.nl\/fr\/wp-json\/wp\/v2\/product_cat?post=26273"},{"taxonomy":"product_tag","embeddable":true,"href":"https:\/\/frickin.nl\/fr\/wp-json\/wp\/v2\/product_tag?post=26273"},{"taxonomy":"woo-feed-brand","embeddable":true,"href":"https:\/\/frickin.nl\/fr\/wp-json\/wp\/v2\/woo-feed-brand?post=26273"}],"curies":[{"name":"wp","href":"https:\/\/api.w.org\/{rel}","templated":true}]}}