{"id":26504,"date":"2024-09-15T19:30:31","date_gmt":"2024-09-15T17:30:31","guid":{"rendered":"https:\/\/frickin.nl\/?post_type=product&#038;p=26504"},"modified":"2026-05-01T03:31:30","modified_gmt":"2026-05-01T01:31:30","slug":"twist-riem-omkeerbare-riem-van-echt-leer-in-zwart-en-bruin","status":"publish","type":"product","link":"https:\/\/frickin.nl\/fr\/product\/twist-riem-omkeerbare-riem-van-echt-leer-in-zwart-en-bruin\/","title":{"rendered":"Twist Belt - Ceinture en cuir v\u00e9ritable r\u00e9versible en noir et marron"},"content":{"rendered":"<p>La Twist Belt | Ceinture r\u00e9versible en cuir v\u00e9ritable noir et marron est une ceinture \u00e9l\u00e9gante et polyvalente pour les hommes. Fabriqu\u00e9e en cuir v\u00e9ritable de haute qualit\u00e9, cette ceinture r\u00e9versible 2 en 1 offre le choix entre un c\u00f4t\u00e9 noir classique et un c\u00f4t\u00e9 marron clair \u00e9l\u00e9gant, ce qui la rend parfaite pour les occasions formelles et d\u00e9contract\u00e9es. La boucle en m\u00e9tal apporte une touche sophistiqu\u00e9e, tandis que le logo subtilement grav\u00e9 conf\u00e8re un aspect haut de gamme.<\/p>\n<p>D'une longueur de 120 cm, la ceinture est facile \u00e0 ajuster \u00e0 n'importe quelle taille. En tournant la ceinture et en ouvrant d\u00e9licatement la boucle, vous pouvez facilement couper la ceinture \u00e0 la bonne taille et fixer \u00e0 nouveau la boucle pour un ajustement parfait. En bref, la ceinture Twist combine fonctionnalit\u00e9, style et commodit\u00e9 en un seul accessoire.<\/p>","protected":false},"excerpt":{"rendered":"<p>La ceinture en cuir pour homme Frickin Twist allie style et fonctionnalit\u00e9 avec un design intelligent 2 en 1. Cette ceinture \u00e0 deux faces offre un choix de deux couleurs et pr\u00e9sente une largeur \u00e9l\u00e9gante de 3,5 cm. D'une longueur de 120 cm, la ceinture peut \u00eatre facilement raccourcie pour un ajustement parfait. Fabriqu\u00e9e en cuir v\u00e9ritable 100%, cette ceinture garantit une durabilit\u00e9 et une \u00e9l\u00e9gance intemporelle.<\/p>","protected":false},"featured_media":26410,"comment_status":"open","ping_status":"closed","template":"","meta":[],"product_brand":[],"product_cat":[249],"product_tag":[],"woo-feed-brand":[],"class_list":{"0":"post-26504","1":"product","2":"type-product","3":"status-publish","4":"has-post-thumbnail","6":"product_cat-riemen","8":"first","9":"outofstock","10":"taxable","11":"shipping-taxable","12":"purchasable","13":"product-type-simple"},"_links":{"self":[{"href":"https:\/\/frickin.nl\/fr\/wp-json\/wp\/v2\/product\/26504","targetHints":{"allow":["GET"]}}],"collection":[{"href":"https:\/\/frickin.nl\/fr\/wp-json\/wp\/v2\/product"}],"about":[{"href":"https:\/\/frickin.nl\/fr\/wp-json\/wp\/v2\/types\/product"}],"replies":[{"embeddable":true,"href":"https:\/\/frickin.nl\/fr\/wp-json\/wp\/v2\/comments?post=26504"}],"wp:featuredmedia":[{"embeddable":true,"href":"https:\/\/frickin.nl\/fr\/wp-json\/wp\/v2\/media\/26410"}],"wp:attachment":[{"href":"https:\/\/frickin.nl\/fr\/wp-json\/wp\/v2\/media?parent=26504"}],"wp:term":[{"taxonomy":"product_brand","embeddable":true,"href":"https:\/\/frickin.nl\/fr\/wp-json\/wp\/v2\/product_brand?post=26504"},{"taxonomy":"product_cat","embeddable":true,"href":"https:\/\/frickin.nl\/fr\/wp-json\/wp\/v2\/product_cat?post=26504"},{"taxonomy":"product_tag","embeddable":true,"href":"https:\/\/frickin.nl\/fr\/wp-json\/wp\/v2\/product_tag?post=26504"},{"taxonomy":"woo-feed-brand","embeddable":true,"href":"https:\/\/frickin.nl\/fr\/wp-json\/wp\/v2\/woo-feed-brand?post=26504"}],"curies":[{"name":"wp","href":"https:\/\/api.w.org\/{rel}","templated":true}]}}