{"id":26506,"date":"2024-09-15T20:04:20","date_gmt":"2024-09-15T18:04:20","guid":{"rendered":"https:\/\/frickin.nl\/?post_type=product&#038;p=26506"},"modified":"2026-04-15T02:26:42","modified_gmt":"2026-04-15T00:26:42","slug":"elite-leren-automatische-riem-voor-heren","status":"publish","type":"product","link":"https:\/\/frickin.nl\/fr\/product\/elite-leren-automatische-riem-voor-heren\/","title":{"rendered":"Elite Leather Automatic Belt for Men Black\/Brown (ceinture automatique en cuir pour hommes)"},"content":{"rendered":"<p>La ceinture Frickin Elite Belt allie luxe et fonctionnalit\u00e9 dans une ceinture en cuir innovante avec boucle automatique. Cette ceinture est fabriqu\u00e9e en cuir de vachette 100% de premi\u00e8re qualit\u00e9, ce qui lui conf\u00e8re une grande durabilit\u00e9 et un aspect intemporel. D'une largeur de 3,5 cm et d'une longueur de 120 cm, la ceinture n'est pas cousue et offre un look \u00e9l\u00e9gant et moderne.<\/p>\n<p>La particularit\u00e9 de cette ceinture r\u00e9side dans son syst\u00e8me innovant \"click-and-go\". La ceinture n'a pas de trous et se ferme automatiquement gr\u00e2ce \u00e0 la boucle \u00e0 plaque, ce qui vous permet de faire glisser la ceinture autour de votre taille en douceur et sans souci. Ce syst\u00e8me garantit que la ceinture reste bien en place et qu'elle est exactement \u00e0 la bonne longueur. Vous souhaitez raccourcir la ceinture ? Pas de probl\u00e8me ! Il suffit de d\u00e9cliquer la boucle, de couper la ceinture \u00e0 la taille souhait\u00e9e et de recoller la boucle. Vous obtiendrez ainsi toujours un ajustement sur mesure.<\/p>\n<p>Cette ceinture \u00e9l\u00e9gante est non seulement parfaite pour les jeans, chinos ou pantalons soign\u00e9s, mais elle offre \u00e9galement un confort optimal. La boucle plate sur le dessus permet d'ajuster la taille facilement et rapidement. La Frickin Elite Belt est la ceinture automatique originale qui allie parfaitement style et commodit\u00e9, ce qui en fait un excellent choix pour tout homme soucieux de la mode.<\/p>","protected":false},"excerpt":{"rendered":"<p>La ceinture Frickin Elite est une ceinture en cuir \u00e9l\u00e9gante et fonctionnelle, dot\u00e9e d'une boucle \u00e0 ardillon automatique. Cette ceinture de 3,5 cm de large et de 120 cm de long est fabriqu\u00e9e en cuir de vachette 100% de premi\u00e8re qualit\u00e9 et ne pr\u00e9sente aucun trou, gr\u00e2ce \u00e0 son syst\u00e8me innovant \"click-and-go\". La ceinture se raccourcit facilement \u00e0 l'aide de la boucle \u00e0 cliquet, ce qui permet d'obtenir un ajustement parfait. \u00c9l\u00e9gante et confortable, elle est id\u00e9ale pour toutes les occasions.<\/p>","protected":false},"featured_media":26436,"comment_status":"open","ping_status":"closed","template":"","meta":[],"product_brand":[],"product_cat":[249],"product_tag":[],"woo-feed-brand":[],"class_list":{"0":"post-26506","1":"product","2":"type-product","3":"status-publish","4":"has-post-thumbnail","6":"product_cat-riemen","8":"first","9":"outofstock","10":"taxable","11":"shipping-taxable","12":"purchasable","13":"product-type-simple"},"_links":{"self":[{"href":"https:\/\/frickin.nl\/fr\/wp-json\/wp\/v2\/product\/26506","targetHints":{"allow":["GET"]}}],"collection":[{"href":"https:\/\/frickin.nl\/fr\/wp-json\/wp\/v2\/product"}],"about":[{"href":"https:\/\/frickin.nl\/fr\/wp-json\/wp\/v2\/types\/product"}],"replies":[{"embeddable":true,"href":"https:\/\/frickin.nl\/fr\/wp-json\/wp\/v2\/comments?post=26506"}],"wp:featuredmedia":[{"embeddable":true,"href":"https:\/\/frickin.nl\/fr\/wp-json\/wp\/v2\/media\/26436"}],"wp:attachment":[{"href":"https:\/\/frickin.nl\/fr\/wp-json\/wp\/v2\/media?parent=26506"}],"wp:term":[{"taxonomy":"product_brand","embeddable":true,"href":"https:\/\/frickin.nl\/fr\/wp-json\/wp\/v2\/product_brand?post=26506"},{"taxonomy":"product_cat","embeddable":true,"href":"https:\/\/frickin.nl\/fr\/wp-json\/wp\/v2\/product_cat?post=26506"},{"taxonomy":"product_tag","embeddable":true,"href":"https:\/\/frickin.nl\/fr\/wp-json\/wp\/v2\/product_tag?post=26506"},{"taxonomy":"woo-feed-brand","embeddable":true,"href":"https:\/\/frickin.nl\/fr\/wp-json\/wp\/v2\/woo-feed-brand?post=26506"}],"curies":[{"name":"wp","href":"https:\/\/api.w.org\/{rel}","templated":true}]}}