{"id":26756,"date":"2024-10-27T13:03:13","date_gmt":"2024-10-27T12:03:13","guid":{"rendered":"https:\/\/frickin.nl\/?post_type=product&#038;p=26756"},"modified":"2026-04-16T02:32:17","modified_gmt":"2026-04-16T00:32:17","slug":"emma-wit-warme-dames-wanten-met-voering","status":"publish","type":"product","link":"https:\/\/frickin.nl\/fr\/product\/emma-wit-warme-dames-wanten-met-voering\/","title":{"rendered":"Emma White - Moufles chaudes pour dames avec doublure en fausse fourrure"},"content":{"rendered":"<p>Les <em>Emma Warm<\/em> Ces moufles pour femmes allient style et confort et sont con\u00e7ues pour garder vos mains bien au chaud pendant les mois d'hiver. L'int\u00e9rieur de ces moufles est dot\u00e9 d'une luxueuse doublure en fausse fourrure qui est douce au toucher et constitue une excellente couche isolante, prot\u00e9geant vos mains du froid. L'ext\u00e9rieur est compos\u00e9 d'un mat\u00e9riau durable et respirant qui est non seulement coupe-vent, mais aussi doux au toucher et conserve sa forme, m\u00eame en cas d'utilisation quotidienne.<\/p>\n<p>La couleur neutre donne \u00e0 la <em>Emma<\/em> Les moufles pour femmes ont une allure \u00e9l\u00e9gante qui s'harmonise sans effort avec toute la garde-robe hivernale, que vous optiez pour un look d\u00e9contract\u00e9 ou habill\u00e9. La coupe confortable, avec un poignet \u00e9lastiqu\u00e9, garantit que les moufles s'ajustent parfaitement sans pincer. Elles sont faciles \u00e0 enfiler et \u00e0 retirer et se referment bien autour du poignet pour conserver la chaleur et emp\u00eacher l'air froid de p\u00e9n\u00e9trer. De plus, les moufles sont faciles \u00e0 nettoyer, ce qui leur permet de rester belles saison apr\u00e8s saison.<\/p>\n<p>Qu'il s'agisse d'une longue promenade, d'aller au travail ou d'organiser une soir\u00e9e, le <em>Emma <\/em>Les moufles pour femmes avec doublure en fausse fourrure sont le compagnon id\u00e9al. Elles offrent un \u00e9quilibre entre luxe, chaleur et \u00e9l\u00e9gance, pour que vous puissiez affronter l'hiver avec style et confort.<\/p>","protected":false},"excerpt":{"rendered":"<p>Ces \u00e9l\u00e9gantes et chaudes moufles pour femmes, d'un blanc doux et neutre, sont con\u00e7ues pour garder vos mains confortables et douillettes pendant les journ\u00e9es froides. L'int\u00e9rieur est doubl\u00e9 d'une luxueuse fausse fourrure, qui apporte une chaleur suppl\u00e9mentaire et un toucher doux. Parfaites pour un usage quotidien, elles compl\u00e8tent parfaitement toute tenue d'hiver.<\/p>","protected":false},"featured_media":26766,"comment_status":"closed","ping_status":"closed","template":"","meta":[],"product_brand":[],"product_cat":[17,176],"product_tag":[223,204,88,103],"woo-feed-brand":[191],"class_list":{"0":"post-26756","1":"product","2":"type-product","3":"status-publish","4":"has-post-thumbnail","6":"product_cat-dames-handschoenen","7":"product_cat-wanten-dames","8":"product_tag-gevoerde-handschoenen","9":"product_tag-handschoenen-sale","10":"product_tag-lammy-handschoenen","11":"product_tag-winddichte-handschoenen","12":"woo-feed-brand-frickin","14":"first","15":"outofstock","16":"taxable","17":"shipping-taxable","18":"purchasable","19":"product-type-variable","20":"has-default-attributes"},"_links":{"self":[{"href":"https:\/\/frickin.nl\/fr\/wp-json\/wp\/v2\/product\/26756","targetHints":{"allow":["GET"]}}],"collection":[{"href":"https:\/\/frickin.nl\/fr\/wp-json\/wp\/v2\/product"}],"about":[{"href":"https:\/\/frickin.nl\/fr\/wp-json\/wp\/v2\/types\/product"}],"replies":[{"embeddable":true,"href":"https:\/\/frickin.nl\/fr\/wp-json\/wp\/v2\/comments?post=26756"}],"wp:featuredmedia":[{"embeddable":true,"href":"https:\/\/frickin.nl\/fr\/wp-json\/wp\/v2\/media\/26766"}],"wp:attachment":[{"href":"https:\/\/frickin.nl\/fr\/wp-json\/wp\/v2\/media?parent=26756"}],"wp:term":[{"taxonomy":"product_brand","embeddable":true,"href":"https:\/\/frickin.nl\/fr\/wp-json\/wp\/v2\/product_brand?post=26756"},{"taxonomy":"product_cat","embeddable":true,"href":"https:\/\/frickin.nl\/fr\/wp-json\/wp\/v2\/product_cat?post=26756"},{"taxonomy":"product_tag","embeddable":true,"href":"https:\/\/frickin.nl\/fr\/wp-json\/wp\/v2\/product_tag?post=26756"},{"taxonomy":"woo-feed-brand","embeddable":true,"href":"https:\/\/frickin.nl\/fr\/wp-json\/wp\/v2\/woo-feed-brand?post=26756"}],"curies":[{"name":"wp","href":"https:\/\/api.w.org\/{rel}","templated":true}]}}