{"id":31388,"date":"2025-09-23T17:50:55","date_gmt":"2025-09-23T15:50:55","guid":{"rendered":"https:\/\/frickin.nl\/?post_type=product&#038;p=31388"},"modified":"2026-04-15T02:26:42","modified_gmt":"2026-04-15T00:26:42","slug":"quinn-beige-sjaal-merino-wol","status":"publish","type":"product","link":"https:\/\/frickin.nl\/fr\/product\/quinn-beige-sjaal-merino-wol\/","title":{"rendered":"Quinn - \u00c9charpe beige en laine m\u00e9rinos | Poids lourd | D\u00e9licieusement doux, chaud et sans d\u00e9mangeaisons | Unisexe"},"content":{"rendered":"<h2 style=\"text-align: left\">\u00c9charpe beige en laine m\u00e9rinos - Quinn<\/h2>\n<p>L'\u00e9charpe en laine m\u00e9rinos beige Quinn est la combinaison parfaite du confort et du style. Avec ses 180 cm de long et ses 32 cm de large, cette \u00e9charpe de qualit\u00e9 sup\u00e9rieure est id\u00e9ale pour les hommes comme pour les femmes. Que vous ayez l'habitude d'enrouler votre \u00e9charpe de fa\u00e7on classique autour du cou ou que vous pr\u00e9f\u00e9riez la porter comme un n\u0153ud moderne, l'\u00e9charpe Quinn s'adapte sans effort \u00e0 votre style. Fabriqu\u00e9e en laine m\u00e9rinos durable 100%, l'\u00e9charpe est merveilleusement douce, isole parfaitement du froid et ne gratte pas. Elle vous tient au chaud et vous donne du style pendant les jours les plus froids de l'ann\u00e9e.<\/p>\n<h3>Pourquoi choisir l'\u00e9charpe Quinn ?<\/h3>\n<ul>\n<li class=\"bullet-checkmark\">Fabriqu\u00e9 en laine m\u00e9rinos durable 100% : le luxe \u00e0 l'\u00e9tat pur<\/li>\n<li class=\"bullet-checkmark\">Merveilleusement doux et confortable, sans d\u00e9mangeaisons<\/li>\n<li class=\"bullet-checkmark\">Taille parfaite (180 x 32 cm) pour diff\u00e9rents styles de transport<\/li>\n<li class=\"bullet-checkmark\">Chaud et isolant, id\u00e9al pour les journ\u00e9es froides<\/li>\n<li class=\"bullet-checkmark\">Conception unisexe : convient aux hommes et aux femmes<\/li>\n<li class=\"bullet-checkmark\">Le cadeau id\u00e9al pour les f\u00eates<\/li>\n<li class=\"bullet-checkmark\">A combiner avec nos chapeaux assortis<\/li>\n<\/ul>\n<h3>Commandez votre nouveau foulard chez Frickin d\u00e8s aujourd'hui et profitez-en :<\/h3>\n<ul>\n<li class=\"bullet-checkmark\">Livraison gratuite pour tous vos achats<\/li>\n<li class=\"bullet-checkmark\">Livraison rapide, command\u00e9 avant 23:45 est exp\u00e9di\u00e9 aujourd'hui<\/li>\n<li class=\"bullet-checkmark\">Post-paiement avec protection totale de l'acheteur<\/li>\n<li class=\"bullet-checkmark\">Not\u00e9 9.2 par nos clients<\/li>\n<\/ul>\n<p>\ud83d\udca1 Conseil de style : Compl\u00e9tez votre tenue avec le <a href=\"https:\/\/frickin.nl\/fr\/lerecueil\/mutsen-en-sjaals\/\">Bonnet Quinn assorti<\/a>. Combinez-la avec notre <a href=\"https:\/\/frickin.nl\/fr\/lerecueil\/gants-femme-6\/gants-cuir-femme\/\">gants en cuir pour dames<\/a> ou <a href=\"https:\/\/frickin.nl\/fr\/lerecueil\/gants-hommes-2\/gants-cuir-homme\/\">gants en cuir pour hommes<\/a>. Id\u00e9al \u00e9galement comme cadeau de luxe pour les f\u00eates de fin d'ann\u00e9e ou une occasion sp\u00e9ciale.<\/p>","protected":false},"excerpt":{"rendered":"<p>Een tijdloze beige sjaal van merino wol  die luxe en comfort perfect combineert. De Quinn is gemaakt van 100% merino wol en heeft een elegante beige kleur die eenvoudig te combineren is met elke outfit. Dankzij de zachte, zware kwaliteit voelt de sjaal heerlijk warm en comfortabel aan \u2013 ideaal voor koude dagen. Maak de look compleet met de bijpassende Riley muts.<\/p>\n<p>Productdetails:<br \/>\n\ud83c\udf3f Materiaal: 100% merino wol \u2013 zacht, ademend en temperatuurregulerend<br \/>\n\ud83d\udccf Afmetingen: 180 x 32 cm \u2013 ideaal om meerdere keren om te slaan of los te dragen<br \/>\n\ud83c\udfa8 Kleur: Beige \u2013 tijdloos en makkelijk te combineren<br \/>\n\ud83e\udde3 Kwaliteit: Zware, warme uitvoering voor optimaal draagcomfort<br \/>\n\ud83d\udc52 Set: Perfect te combineren met de bijpassende Riley muts<\/p>","protected":false},"featured_media":31502,"comment_status":"closed","ping_status":"closed","template":"","meta":[],"product_brand":[],"product_cat":[254],"product_tag":[],"woo-feed-brand":[],"class_list":{"0":"post-31388","1":"product","2":"type-product","3":"status-publish","4":"has-post-thumbnail","6":"product_cat-mutsen-en-sjaals","8":"first","9":"outofstock","10":"taxable","11":"shipping-taxable","12":"purchasable","13":"product-type-simple"},"_links":{"self":[{"href":"https:\/\/frickin.nl\/fr\/wp-json\/wp\/v2\/product\/31388","targetHints":{"allow":["GET"]}}],"collection":[{"href":"https:\/\/frickin.nl\/fr\/wp-json\/wp\/v2\/product"}],"about":[{"href":"https:\/\/frickin.nl\/fr\/wp-json\/wp\/v2\/types\/product"}],"replies":[{"embeddable":true,"href":"https:\/\/frickin.nl\/fr\/wp-json\/wp\/v2\/comments?post=31388"}],"wp:featuredmedia":[{"embeddable":true,"href":"https:\/\/frickin.nl\/fr\/wp-json\/wp\/v2\/media\/31502"}],"wp:attachment":[{"href":"https:\/\/frickin.nl\/fr\/wp-json\/wp\/v2\/media?parent=31388"}],"wp:term":[{"taxonomy":"product_brand","embeddable":true,"href":"https:\/\/frickin.nl\/fr\/wp-json\/wp\/v2\/product_brand?post=31388"},{"taxonomy":"product_cat","embeddable":true,"href":"https:\/\/frickin.nl\/fr\/wp-json\/wp\/v2\/product_cat?post=31388"},{"taxonomy":"product_tag","embeddable":true,"href":"https:\/\/frickin.nl\/fr\/wp-json\/wp\/v2\/product_tag?post=31388"},{"taxonomy":"woo-feed-brand","embeddable":true,"href":"https:\/\/frickin.nl\/fr\/wp-json\/wp\/v2\/woo-feed-brand?post=31388"}],"curies":[{"name":"wp","href":"https:\/\/api.w.org\/{rel}","templated":true}]}}