{"id":31527,"date":"2025-09-29T15:07:29","date_gmt":"2025-09-29T13:07:29","guid":{"rendered":"https:\/\/frickin.nl\/?post_type=product&#038;p=31527"},"modified":"2026-04-30T03:27:18","modified_gmt":"2026-04-30T01:27:18","slug":"riley-warme-beige-muts-merino-wol-unisex","status":"publish","type":"product","link":"https:\/\/frickin.nl\/fr\/product\/riley-warme-beige-muts-merino-wol-unisex\/","title":{"rendered":"Riley - Chapeau beige chaud en laine m\u00e9rinos | Qualit\u00e9 sup\u00e9rieure | D\u00e9licieusement doux, respirant et sans d\u00e9mangeaisons | Unisexe"},"content":{"rendered":"<h2 style=\"text-align: left\">Chapeau beige laine m\u00e9rinos - Riley<\/h2>\n<p>Le bonnet Riley allie un style intemporel \u00e0 un confort ultime. Fabriqu\u00e9 en laine m\u00e9rinos 100%, ce bonnet est merveilleusement doux, isole parfaitement du froid et ne gratte pas. Gr\u00e2ce \u00e0 son design unisexe, le bonnet convient parfaitement aux hommes et aux femmes et s'associe facilement \u00e0 n'importe quelle tenue d'hiver. La couleur beige donne un aspect luxueux et neutre qui se marie facilement avec d'autres accessoires.<\/p>\n<h3>Pourquoi choisir le chapeau Riley ?<\/h3>\n<ul>\n<li class=\"bullet-checkmark\">Laine m\u00e9rinos 100% : durable, chaude et luxueuse<\/li>\n<li class=\"bullet-checkmark\">Doux et confortable, sans d\u00e9mangeaisons<\/li>\n<li class=\"bullet-checkmark\">Conception unisexe : convient aux hommes et aux femmes<\/li>\n<li class=\"bullet-checkmark\">Couleurs \u00e9l\u00e9gantes, faciles \u00e0 combiner<\/li>\n<li class=\"bullet-checkmark\">Parfaitement adapt\u00e9 et id\u00e9al pour un usage quotidien<\/li>\n<\/ul>\n<h3>Commandez votre nouveau chapeau chez Frickin d\u00e8s aujourd'hui et profitez-en :<\/h3>\n<ul>\n<li class=\"bullet-checkmark\">Livraison gratuite pour tous vos achats<\/li>\n<li class=\"bullet-checkmark\">Livraison rapide, les commandes pass\u00e9es avant 23h45 sont exp\u00e9di\u00e9es aujourd'hui.<\/li>\n<li class=\"bullet-checkmark\">Post-paiement avec protection totale de l'acheteur<\/li>\n<li class=\"bullet-checkmark\">Not\u00e9 9.2 par nos clients<\/li>\n<\/ul>\n<p>\ud83d\udca1 Conseil de style : Associez le chapeau Riley \u00e0 l'ensemble de la collection Riley. <a href=\"https:\/\/frickin.nl\/fr\/lerecueil\/mutsen-en-sjaals\/\">\u00e9charpe Quinn assortie<\/a> pour un ensemble complet et \u00e9l\u00e9gant. Id\u00e9al \u00e9galement pour offrir en cadeau pendant les f\u00eates ou lors d'une occasion sp\u00e9ciale.<\/p>","protected":false},"excerpt":{"rendered":"<p>Beige Muts Merino Wol \u2013 Riley De Riley muts combineert tijdloze stijl met het ultieme comfort. Gemaakt van 100% merino wool voelt deze muts heerlijk zacht aan, isoleert uitstekend tegen de kou en jeukt niet. Dankzij het unisex design staat de muts zowel mannen als vrouwen perfect en is hij eenvoudig te combineren met elke[&#8230;]\n","protected":false},"featured_media":31513,"comment_status":"closed","ping_status":"closed","template":"","meta":[],"product_brand":[],"product_cat":[254],"product_tag":[],"woo-feed-brand":[191],"class_list":{"0":"post-31527","1":"product","2":"type-product","3":"status-publish","4":"has-post-thumbnail","6":"product_cat-mutsen-en-sjaals","7":"woo-feed-brand-frickin","9":"first","10":"outofstock","11":"taxable","12":"shipping-taxable","13":"purchasable","14":"product-type-simple"},"_links":{"self":[{"href":"https:\/\/frickin.nl\/fr\/wp-json\/wp\/v2\/product\/31527","targetHints":{"allow":["GET"]}}],"collection":[{"href":"https:\/\/frickin.nl\/fr\/wp-json\/wp\/v2\/product"}],"about":[{"href":"https:\/\/frickin.nl\/fr\/wp-json\/wp\/v2\/types\/product"}],"replies":[{"embeddable":true,"href":"https:\/\/frickin.nl\/fr\/wp-json\/wp\/v2\/comments?post=31527"}],"wp:featuredmedia":[{"embeddable":true,"href":"https:\/\/frickin.nl\/fr\/wp-json\/wp\/v2\/media\/31513"}],"wp:attachment":[{"href":"https:\/\/frickin.nl\/fr\/wp-json\/wp\/v2\/media?parent=31527"}],"wp:term":[{"taxonomy":"product_brand","embeddable":true,"href":"https:\/\/frickin.nl\/fr\/wp-json\/wp\/v2\/product_brand?post=31527"},{"taxonomy":"product_cat","embeddable":true,"href":"https:\/\/frickin.nl\/fr\/wp-json\/wp\/v2\/product_cat?post=31527"},{"taxonomy":"product_tag","embeddable":true,"href":"https:\/\/frickin.nl\/fr\/wp-json\/wp\/v2\/product_tag?post=31527"},{"taxonomy":"woo-feed-brand","embeddable":true,"href":"https:\/\/frickin.nl\/fr\/wp-json\/wp\/v2\/woo-feed-brand?post=31527"}],"curies":[{"name":"wp","href":"https:\/\/api.w.org\/{rel}","templated":true}]}}