{"id":31533,"date":"2025-09-29T17:49:00","date_gmt":"2025-09-29T15:49:00","guid":{"rendered":"https:\/\/frickin.nl\/?post_type=product&#038;p=31533"},"modified":"2026-04-16T02:35:21","modified_gmt":"2026-04-16T00:35:21","slug":"cleo-suede-leren-handschoenen-voor-dames","status":"publish","type":"product","link":"https:\/\/frickin.nl\/fr\/product\/cleo-suede-leren-handschoenen-voor-dames\/","title":{"rendered":"Cleo - Gants en cuir daim pour dames avec doublure chaude en laine d'agneau"},"content":{"rendered":"<h2 style=\"text-align: left;\">Gants en cuir daim pour dames - Cleo<\/h2>\n<p>Les gants en cuir su\u00e9d\u00e9 pour femmes Cleo sont le choix parfait pour les femmes qui aiment l'\u00e9l\u00e9gance et le confort luxueux. Fabriqu\u00e9s en cuir su\u00e9d\u00e9 de haute qualit\u00e9, ces gants respirent la sophistication, tandis que la doublure chaude en laine d'agneau garantit une sensation de douceur et une isolation optimale. Vos mains resteront ainsi au chaud et \u00e0 l'aise, m\u00eame pendant les journ\u00e9es les plus froides de l'hiver. Gr\u00e2ce \u00e0 leur design f\u00e9minin et \u00e0 leur look intemporel, les gants Cleo s'int\u00e8grent avec style \u00e0 toutes les tenues.<\/p>\n<h3>Pourquoi choisir les gants Cleo ?<\/h3>\n<ul>\n<li class=\"bullet-checkmark\">Fabriqu\u00e9 en cuir su\u00e9d\u00e9 de haute qualit\u00e9<\/li>\n<li class=\"bullet-checkmark\">Doublure chaude et luxueuse en laine d'agneau<\/li>\n<li class=\"bullet-checkmark\">Merveilleusement doux et confortable, id\u00e9al pour un usage quotidien<\/li>\n<li class=\"bullet-checkmark\">Design intemporel, facile \u00e0 combiner<\/li>\n<li class=\"bullet-checkmark\">Un choix parfait pour les femmes qui ont le sens du style<\/li>\n<\/ul>\n<h3>Commandez vos nouveaux gants chez Frickin d\u00e8s aujourd'hui et profitez-en :<\/h3>\n<ul>\n<li class=\"bullet-checkmark\">Livraison gratuite pour tous vos achats<\/li>\n<li class=\"bullet-checkmark\">Livraison rapide, command\u00e9 avant 23:45 est exp\u00e9di\u00e9 aujourd'hui<\/li>\n<li class=\"bullet-checkmark\">Post-paiement avec protection totale de l'acheteur<\/li>\n<li class=\"bullet-checkmark\">Not\u00e9 9.2 par nos clients<\/li>\n<\/ul>\n<p>\ud83d\udca1 Conseil de style : Associez les gants Cleo \u00e0 nos gilets de sauvetage. <a href=\"https:\/\/frickin.nl\/fr\/lerecueil\/mutsen-en-sjaals\/\">bonnets et \u00e9charpes en laine m\u00e9rinos<\/a> pour un look hivernal \u00e9l\u00e9gant. Id\u00e9al \u00e9galement comme cadeau de luxe pour les f\u00eates ou une occasion sp\u00e9ciale.<\/p>","protected":false},"excerpt":{"rendered":"<p>Suede Leren Handschoenen voor Dames \u2013 Cleo De suede leren handschoenen voor dames Cleo zijn de perfecte keuze voor vrouwen die houden van elegantie en luxe comfort. Gemaakt van hoogwaardig su\u00e8de leer stralen deze handschoenen verfijning uit, terwijl de warme lamswollen voering zorgt voor een heerlijk zacht gevoel en optimale isolatie. Zo blijven je handen[&#8230;]\n","protected":false},"featured_media":31537,"comment_status":"open","ping_status":"closed","template":"","meta":[],"product_brand":[],"product_cat":[17,168],"product_tag":[223,88,103],"woo-feed-brand":[191],"class_list":{"0":"post-31533","1":"product","2":"type-product","3":"status-publish","4":"has-post-thumbnail","6":"product_cat-dames-handschoenen","7":"product_cat-leren-handschoenen-dames","8":"product_tag-gevoerde-handschoenen","9":"product_tag-lammy-handschoenen","10":"product_tag-winddichte-handschoenen","11":"woo-feed-brand-frickin","13":"first","14":"outofstock","15":"taxable","16":"shipping-taxable","17":"purchasable","18":"product-type-variable","19":"has-default-attributes"},"_links":{"self":[{"href":"https:\/\/frickin.nl\/fr\/wp-json\/wp\/v2\/product\/31533","targetHints":{"allow":["GET"]}}],"collection":[{"href":"https:\/\/frickin.nl\/fr\/wp-json\/wp\/v2\/product"}],"about":[{"href":"https:\/\/frickin.nl\/fr\/wp-json\/wp\/v2\/types\/product"}],"replies":[{"embeddable":true,"href":"https:\/\/frickin.nl\/fr\/wp-json\/wp\/v2\/comments?post=31533"}],"wp:featuredmedia":[{"embeddable":true,"href":"https:\/\/frickin.nl\/fr\/wp-json\/wp\/v2\/media\/31537"}],"wp:attachment":[{"href":"https:\/\/frickin.nl\/fr\/wp-json\/wp\/v2\/media?parent=31533"}],"wp:term":[{"taxonomy":"product_brand","embeddable":true,"href":"https:\/\/frickin.nl\/fr\/wp-json\/wp\/v2\/product_brand?post=31533"},{"taxonomy":"product_cat","embeddable":true,"href":"https:\/\/frickin.nl\/fr\/wp-json\/wp\/v2\/product_cat?post=31533"},{"taxonomy":"product_tag","embeddable":true,"href":"https:\/\/frickin.nl\/fr\/wp-json\/wp\/v2\/product_tag?post=31533"},{"taxonomy":"woo-feed-brand","embeddable":true,"href":"https:\/\/frickin.nl\/fr\/wp-json\/wp\/v2\/woo-feed-brand?post=31533"}],"curies":[{"name":"wp","href":"https:\/\/api.w.org\/{rel}","templated":true}]}}