{"id":31695,"date":"2025-10-03T17:03:29","date_gmt":"2025-10-03T15:03:29","guid":{"rendered":"https:\/\/frickin.nl\/?post_type=product&#038;p=31695"},"modified":"2025-10-03T17:12:16","modified_gmt":"2025-10-03T15:12:16","slug":"soren-leren-laptoptas-zwart-16-inch","status":"publish","type":"product","link":"https:\/\/frickin.nl\/fr\/product\/soren-leren-laptoptas-zwart-16-inch\/","title":{"rendered":"Soren - Sacoche en cuir pour ordinateur portable Noir 16 pouces"},"content":{"rendered":"<h2 style=\"text-align: left;\">Sacoche pour ordinateur portable en cuir noir 16 pouces - Soren<\/h2>\n<p>La sacoche pour ordinateur portable Soren est con\u00e7ue pour ceux qui souhaitent allier fonctionnalit\u00e9 et style. M\u00e9ticuleusement fabriqu\u00e9e \u00e0 la main en cuir 100% de premi\u00e8re qualit\u00e9, cette sacoche offre un aspect moderne et professionnel. Sa conception robuste et ses mat\u00e9riaux durables prot\u00e8gent votre ordinateur portable en toute s\u00e9curit\u00e9, que vous vous rendiez au bureau, \u00e0 une r\u00e9union ou \u00e0 un voyage international. Pouvant accueillir un ordinateur portable de 16 pouces et d'autres objets essentiels, le Soren est un compagnon pratique et \u00e9l\u00e9gant qui durera des ann\u00e9es.<\/p>\n<h3>Pourquoi choisir la sacoche Soren ?<\/h3>\n<ul>\n<li class=\"bullet-checkmark\">Fabriqu\u00e9 \u00e0 la main en cuir durable et de haute qualit\u00e9<\/li>\n<li class=\"bullet-checkmark\">Convient aux ordinateurs portables jusqu'\u00e0 16 pouces<\/li>\n<li class=\"bullet-checkmark\">Aspect professionnel et moderne<\/li>\n<li class=\"bullet-checkmark\">Robuste et durable : con\u00e7u pour durer des ann\u00e9es<\/li>\n<li class=\"bullet-checkmark\">Combinable avec nos autres accessoires en cuir<\/li>\n<\/ul>\n<h3>Commandez d\u00e8s aujourd'hui votre nouvelle sacoche d'ordinateur portable chez Frickin et profitez-en :<\/h3>\n<ul>\n<li class=\"bullet-checkmark\">Livraison gratuite pour tous vos achats<\/li>\n<li class=\"bullet-checkmark\">Livraison rapide, les commandes pass\u00e9es avant 23h45 sont exp\u00e9di\u00e9es aujourd'hui.<\/li>\n<li class=\"bullet-checkmark\">Post-paiement avec protection totale de l'acheteur<\/li>\n<li class=\"bullet-checkmark\">Not\u00e9 9.2 par nos clients<\/li>\n<\/ul>\n<p>\ud83d\udca1 Conseil de style : Associez la sacoche pour ordinateur portable Soren \u00e0 nos gants et accessoires en cuir pour un look professionnel complet et \u00e9l\u00e9gant. Parfait pour les voyages et id\u00e9al comme cadeau de luxe.<\/p>","protected":false},"excerpt":{"rendered":"<p>Leren Laptoptas Zwart 16 Inch \u2013 Soren De Soren laptoptas is ontworpen voor wie functionaliteit en stijl wil combineren. Met zorg handgemaakt van 100% premium leer biedt deze tas een moderne en professionele uitstraling. Dankzij het stevige ontwerp en de duurzame materialen blijft je laptop veilig beschermd, of je nu onderweg bent naar kantoor, een[&#8230;]\n","protected":false},"featured_media":31672,"comment_status":"closed","ping_status":"closed","template":"","meta":[],"product_brand":[],"product_cat":[256],"product_tag":[],"woo-feed-brand":[],"class_list":{"0":"post-31695","1":"product","2":"type-product","3":"status-publish","4":"has-post-thumbnail","6":"product_cat-leren-tassen","8":"first","9":"instock","10":"taxable","11":"shipping-taxable","12":"purchasable","13":"product-type-simple"},"_links":{"self":[{"href":"https:\/\/frickin.nl\/fr\/wp-json\/wp\/v2\/product\/31695","targetHints":{"allow":["GET"]}}],"collection":[{"href":"https:\/\/frickin.nl\/fr\/wp-json\/wp\/v2\/product"}],"about":[{"href":"https:\/\/frickin.nl\/fr\/wp-json\/wp\/v2\/types\/product"}],"replies":[{"embeddable":true,"href":"https:\/\/frickin.nl\/fr\/wp-json\/wp\/v2\/comments?post=31695"}],"wp:featuredmedia":[{"embeddable":true,"href":"https:\/\/frickin.nl\/fr\/wp-json\/wp\/v2\/media\/31672"}],"wp:attachment":[{"href":"https:\/\/frickin.nl\/fr\/wp-json\/wp\/v2\/media?parent=31695"}],"wp:term":[{"taxonomy":"product_brand","embeddable":true,"href":"https:\/\/frickin.nl\/fr\/wp-json\/wp\/v2\/product_brand?post=31695"},{"taxonomy":"product_cat","embeddable":true,"href":"https:\/\/frickin.nl\/fr\/wp-json\/wp\/v2\/product_cat?post=31695"},{"taxonomy":"product_tag","embeddable":true,"href":"https:\/\/frickin.nl\/fr\/wp-json\/wp\/v2\/product_tag?post=31695"},{"taxonomy":"woo-feed-brand","embeddable":true,"href":"https:\/\/frickin.nl\/fr\/wp-json\/wp\/v2\/woo-feed-brand?post=31695"}],"curies":[{"name":"wp","href":"https:\/\/api.w.org\/{rel}","templated":true}]}}