{"id":521,"date":"2020-08-20T09:43:20","date_gmt":"2020-08-20T09:43:20","guid":{"rendered":"https:\/\/frickin.nl\/?post_type=product&#038;p=521"},"modified":"2026-04-29T03:24:38","modified_gmt":"2026-04-29T01:24:38","slug":"noir-gant-de-conduite-homme-f1","status":"publish","type":"product","link":"https:\/\/frickin.nl\/fr\/product\/leren-autohandschoenen-heren-f1-zwart\/","title":{"rendered":"F1 (Homme) - Gants de voiture en cuir noir avec fonction \u00e9cran tactile, dos d\u00e9coup\u00e9 et trous pour les articulations"},"content":{"rendered":"<h2 style=\"text-align: left;\">Gants de voiture en cuir pour hommes - F1<\/h2>\n<p>La conduite n'est pas seulement une question de destination, mais aussi de voyage. Avec nos gants de voiture F1, ce voyage devient une v\u00e9ritable exp\u00e9rience. Ces gants noirs, \u00e9l\u00e9gants et exclusifs, sont comme une seconde peau et sont parfaits pour toutes les situations, que vous soyez dans une d\u00e9capotable, une voiture, une moto ou un v\u00e9lo.<\/p>\n<p><strong>Cuir de haute qualit\u00e9 pour un confort optimal<\/strong><\/p>\n<p>Nos gants pour voitures de F1 sont fabriqu\u00e9s en cuir de mouton de haute qualit\u00e9. Ce cuir doux et souple s'adapte parfaitement aux contours de vos mains, ce qui donne l'impression qu'elles sont le prolongement de vous-m\u00eame. Le cuir perfor\u00e9 avec des d\u00e9coupes au niveau du dos et des articulations permet \u00e0 vos mains de respirer, \u00e9vitant ainsi une transpiration excessive.<\/p>\n<p><strong>Am\u00e9lioration de la prise en main et de la s\u00e9curit\u00e9<\/strong><\/p>\n<p>Une bonne prise en main du volant est essentielle pour votre s\u00e9curit\u00e9 sur la route. Les gants pour voitures de F1 offrent une excellente adh\u00e9rence, m\u00eame dans des conditions difficiles. Cela augmente non seulement votre s\u00e9curit\u00e9, mais rend \u00e9galement chaque conduite plus agr\u00e9able.<\/p>\n<p><strong>Rester pratique et connect\u00e9<\/strong><\/p>\n<p>\u00c0 notre \u00e9poque moderne, la connectivit\u00e9 est importante, m\u00eame au volant. C'est pourquoi les gants de voiture F1 sont dot\u00e9s d'un \u00e9cran tactile. Cela vous permet d'utiliser facilement votre t\u00e9l\u00e9phone ou votre syst\u00e8me de navigation sans avoir \u00e0 retirer vos gants.<\/p>\n<p><strong>Choisissez votre style<\/strong><\/p>\n<p>Chez Frickin, nous savons que le style est important. C'est pourquoi nous proposons nos gants pour voitures de F1 en plusieurs couleurs, dont le noir, le jaune, le blanc et m\u00eame le rose. Ainsi, vous pouvez obtenir le <a href=\"https:\/\/frickin.nl\/fr\/lerecueil\/gants-hommes-2\/gants-de-voiture-hommes\/\">gants de voiture<\/a> choisissez ceux qui conviennent le mieux \u00e0 votre style personnel. En r\u00e9sum\u00e9, les gants de voiture F1 sont un accessoire indispensable pour tout amateur de voitures. Augmentez votre confort, votre style et votre s\u00e9curit\u00e9 sur la route avec ces gants exclusifs qui ne devraient pas manquer dans votre garde-robe.<\/p>","protected":false},"excerpt":{"rendered":"<p><em><strong>Les gants de voiture en cuir F1 pour homme comportent un\u00a0<b>Dos d\u00e9coup\u00e9 avec trous pour les articulations<\/b>. Elles sont r\u00e9alis\u00e9es en cuir d'agneau non doubl\u00e9 100%. Gr\u00e2ce au cuir perfor\u00e9, ils offrent aux mains une ventilation optimale et une bonne prise sur le guidon. Les gants sont \u00e9galement compatibles avec l'\u00e9cran tactile de tous les smartphones et syst\u00e8mes de navigation.<\/strong><\/em><\/p>","protected":false},"featured_media":10313,"comment_status":"open","ping_status":"closed","template":"","meta":[],"product_brand":[],"product_cat":[179,16,167,253,182],"product_tag":[220,96,80],"woo-feed-brand":[191],"class_list":{"0":"post-521","1":"product","2":"type-product","3":"status-publish","4":"has-post-thumbnail","6":"product_cat-autohandschoenen-heren","7":"product_cat-heren-handschoenen","8":"product_cat-leren-handschoenen-heren","9":"product_cat-scooterhandschoenen-heren","10":"product_cat-touchscreen-handschoenen-heren","11":"product_tag-autohandschoenen","12":"product_tag-smartphone-handschoenen","13":"product_tag-zwarte-handschoenen","14":"woo-feed-brand-frickin","16":"first","17":"outofstock","18":"featured","19":"taxable","20":"shipping-taxable","21":"purchasable","22":"product-type-variable","23":"has-default-attributes"},"_links":{"self":[{"href":"https:\/\/frickin.nl\/fr\/wp-json\/wp\/v2\/product\/521","targetHints":{"allow":["GET"]}}],"collection":[{"href":"https:\/\/frickin.nl\/fr\/wp-json\/wp\/v2\/product"}],"about":[{"href":"https:\/\/frickin.nl\/fr\/wp-json\/wp\/v2\/types\/product"}],"replies":[{"embeddable":true,"href":"https:\/\/frickin.nl\/fr\/wp-json\/wp\/v2\/comments?post=521"}],"wp:featuredmedia":[{"embeddable":true,"href":"https:\/\/frickin.nl\/fr\/wp-json\/wp\/v2\/media\/10313"}],"wp:attachment":[{"href":"https:\/\/frickin.nl\/fr\/wp-json\/wp\/v2\/media?parent=521"}],"wp:term":[{"taxonomy":"product_brand","embeddable":true,"href":"https:\/\/frickin.nl\/fr\/wp-json\/wp\/v2\/product_brand?post=521"},{"taxonomy":"product_cat","embeddable":true,"href":"https:\/\/frickin.nl\/fr\/wp-json\/wp\/v2\/product_cat?post=521"},{"taxonomy":"product_tag","embeddable":true,"href":"https:\/\/frickin.nl\/fr\/wp-json\/wp\/v2\/product_tag?post=521"},{"taxonomy":"woo-feed-brand","embeddable":true,"href":"https:\/\/frickin.nl\/fr\/wp-json\/wp\/v2\/woo-feed-brand?post=521"}],"curies":[{"name":"wp","href":"https:\/\/api.w.org\/{rel}","templated":true}]}}