{"id":5565,"date":"2020-11-04T12:21:15","date_gmt":"2020-11-04T12:21:15","guid":{"rendered":"https:\/\/frickin.nl\/?post_type=product&#038;p=5565"},"modified":"2026-04-15T02:29:31","modified_gmt":"2026-04-15T00:29:31","slug":"vegane-cuir-gants-femme-noah","status":"publish","type":"product","link":"https:\/\/frickin.nl\/fr\/product\/vegan-leren-touchscreen-handschoenen-dames-noah\/","title":{"rendered":"Noah (Noir) - Gants pour femmes en cuir v\u00e9g\u00e9talien avec manchette, \u00e9cran tactile et doublure en polaire"},"content":{"rendered":"<h2 style=\"text-align: left;\">Exclusive Elegance : D\u00e9couvrez les gants en cuir v\u00e9g\u00e9talien pour \u00e9cran tactile - Noah<\/h2>\n<p>\"Noah\", un nom synonyme de durabilit\u00e9 et de style, offre une option \u00e9l\u00e9gante cet hiver pour les femmes qui se soucient de l'environnement. Ces gants noirs sont fabriqu\u00e9s en cuir v\u00e9g\u00e9talien, \u00e9galement connu sous le nom d'\u00e9co-cuir ou de faux cuir. Si vous pr\u00e9f\u00e9rez ne pas porter de cuir v\u00e9ritable, ces gants sont parfaits pour vous. Ce qui rend \"Noah\" vraiment sp\u00e9cial, c'est sa manchette polyvalente et tendance. Les gants peuvent donc \u00eatre port\u00e9s de deux mani\u00e8res, avec ou sans manchette, ce qui vous permet de choisir et de personnaliser votre propre style pour plus de confort ou de chaleur. Ils sont la touche finale parfaite pour toute tenue, que ce soit pour une journ\u00e9e d\u00e9contract\u00e9e ou une soir\u00e9e.<\/p>\n<p>Dot\u00e9s d'une doublure en polaire, ces gants sont con\u00e7us pour garder vos mains bien au chaud, m\u00eame pendant les jours les plus froids de l'ann\u00e9e. De plus, vous n'aurez plus jamais \u00e0 manquer un appel ou \u00e0 retarder une mise \u00e0 jour sur les m\u00e9dias sociaux, car ces gants sont compatibles avec les \u00e9crans tactiles de tous les appareils. Vous voulez rendre les f\u00eates de fin d'ann\u00e9e encore plus sp\u00e9ciales ? Pensez \u00e0 surprendre votre partenaire en lui offrant une belle paire de <a href=\"https:\/\/frickin.nl\/fr\/lerecueil\/gants-hommes-2\/vegan-gants-homme\/\">gants v\u00e9g\u00e9taliens pour hommes<\/a>tels que le <a href=\"https:\/\/frickin.nl\/fr\/produit\/vegane-cuir-gants-hommes-logan\/\">mod\u00e8le Logan<\/a>. Ensemble, vous pouvez profiter du style, de la chaleur et du confort. De plus, Frickin est neutre en CO2, de la fabrication \u00e0 la livraison. Choisissez Nog et embrassez l'hiver avec \u00e9l\u00e9gance et respect de l'environnement.<\/p>\n<p>N'oubliez pas que le cuir v\u00e9g\u00e9tal est plus sensible que le cuir v\u00e9ritable. Faites attention \u00e0 l'eau et \u00e9vitez les objets rugueux ou tranchants pour conserver vos articles en parfait \u00e9tat.<\/p>","protected":false},"excerpt":{"rendered":"<p><em><strong>Gants en cuir v\u00e9g\u00e9talien pour \u00e9cran tactile, dames Noah. Fabriqu\u00e9 en cuir \u00e9cologique 100% et \u00e9quip\u00e9 d'une doublure en polaire fine et \u00e9paisse qui garde vos mains au chaud lorsque les temp\u00e9ratures ext\u00e9rieures baissent. La fonction d'\u00e9cran tactile fonctionne sur n'importe quel smartphone. La manche en laine donne \u00e0 ce mod\u00e8le la touche finale \u00e0 votre tenue.<\/strong><\/em><\/p>","protected":false},"featured_media":10455,"comment_status":"open","ping_status":"closed","template":"","meta":[],"product_brand":[],"product_cat":[17,183,180],"product_tag":[223,96,170,103,80],"woo-feed-brand":[191],"class_list":{"0":"post-5565","1":"product","2":"type-product","3":"status-publish","4":"has-post-thumbnail","6":"product_cat-dames-handschoenen","7":"product_cat-touchscreen-handschoenen-dames","8":"product_cat-vegan-handschoenen-dames","9":"product_tag-gevoerde-handschoenen","10":"product_tag-smartphone-handschoenen","11":"product_tag-waterdichte-handschoenen","12":"product_tag-winddichte-handschoenen","13":"product_tag-zwarte-handschoenen","14":"woo-feed-brand-frickin","16":"first","17":"outofstock","18":"taxable","19":"shipping-taxable","20":"purchasable","21":"product-type-variable","22":"has-default-attributes"},"_links":{"self":[{"href":"https:\/\/frickin.nl\/fr\/wp-json\/wp\/v2\/product\/5565","targetHints":{"allow":["GET"]}}],"collection":[{"href":"https:\/\/frickin.nl\/fr\/wp-json\/wp\/v2\/product"}],"about":[{"href":"https:\/\/frickin.nl\/fr\/wp-json\/wp\/v2\/types\/product"}],"replies":[{"embeddable":true,"href":"https:\/\/frickin.nl\/fr\/wp-json\/wp\/v2\/comments?post=5565"}],"wp:featuredmedia":[{"embeddable":true,"href":"https:\/\/frickin.nl\/fr\/wp-json\/wp\/v2\/media\/10455"}],"wp:attachment":[{"href":"https:\/\/frickin.nl\/fr\/wp-json\/wp\/v2\/media?parent=5565"}],"wp:term":[{"taxonomy":"product_brand","embeddable":true,"href":"https:\/\/frickin.nl\/fr\/wp-json\/wp\/v2\/product_brand?post=5565"},{"taxonomy":"product_cat","embeddable":true,"href":"https:\/\/frickin.nl\/fr\/wp-json\/wp\/v2\/product_cat?post=5565"},{"taxonomy":"product_tag","embeddable":true,"href":"https:\/\/frickin.nl\/fr\/wp-json\/wp\/v2\/product_tag?post=5565"},{"taxonomy":"woo-feed-brand","embeddable":true,"href":"https:\/\/frickin.nl\/fr\/wp-json\/wp\/v2\/woo-feed-brand?post=5565"}],"curies":[{"name":"wp","href":"https:\/\/api.w.org\/{rel}","templated":true}]}}