{"id":754,"date":"2020-08-24T17:30:28","date_gmt":"2020-08-24T17:30:28","guid":{"rendered":"https:\/\/frickin.nl\/?post_type=product&#038;p=754"},"modified":"2026-05-01T03:32:51","modified_gmt":"2026-05-01T01:32:51","slug":"gant-de-conduite-homme-gt-chameau","status":"publish","type":"product","link":"https:\/\/frickin.nl\/fr\/product\/lederen-autohandschoenen-heren-gt-camel\/","title":{"rendered":"GT (Homme) - Gants de voiture en cuir camel avec fonction \u00e9cran tactile, dos d\u00e9coup\u00e9 et trous pour les articulations"},"content":{"rendered":"<h2 style=\"text-align: left;\">Gants de voiture en cuir pour hommes - F1<\/h2>\n<p>Les gants de voiture GT sont bien plus qu'un simple accessoire pour les passionn\u00e9s de voitures ; ils repr\u00e9sentent une combinaison unique de style, d'exclusivit\u00e9 et de fonctionnalit\u00e9. Fabriqu\u00e9s en cuir de mouton de premi\u00e8re qualit\u00e9 et dot\u00e9s d'une couture int\u00e9rieure, ces gants de voiture offrent une sensation de confort in\u00e9gal\u00e9e et sont sp\u00e9cialement con\u00e7us pour faire passer votre exp\u00e9rience de conduite au niveau sup\u00e9rieur..... Le cuir perfor\u00e9 avec des d\u00e9coupes au dos et des trous pour les articulations permet \u00e0 vos mains de respirer, \u00e9vitant ainsi une transpiration excessive, m\u00eame lors de longues promenades en d\u00e9capotable, en voiture, en moto ou \u00e0 v\u00e9lo. Cela augmente non seulement votre confort, mais aussi votre s\u00e9curit\u00e9 sur la route.<\/p>\n<p>Les gants pour voitures GT offrent une excellente adh\u00e9rence au volant, ce qui vous permet de garder le contr\u00f4le m\u00eame dans des conditions difficiles. De plus, ils sont dot\u00e9s d'un \u00e9cran tactile, ce qui vous permet d'utiliser facilement votre t\u00e9l\u00e9phone ou votre syst\u00e8me de navigation sans enlever les gants. Cette paire de gants exclusive est le compl\u00e9ment id\u00e9al de la tenue de tout passionn\u00e9 d'automobile. Si vous recherchez des gants de voiture \u00e9l\u00e9gants, fonctionnels et exclusifs, les gants de voiture GT sont exactement ce qu'il vous faut. Optez pour le confort, le style et la s\u00e9curit\u00e9 sur la route, choisissez les gants GT. <a href=\"https:\/\/frickin.nl\/fr\/lerecueil\/gants-hommes-2\/gants-de-voiture-hommes\/\">gants de voiture en cuir<\/a> de Frickin.<\/p>","protected":false},"excerpt":{"rendered":"<p><em><strong>Les gants de voiture GT Leather pour hommes sont un must pour tout amateur de voitures. Gr\u00e2ce au cuir perfor\u00e9, les gants de voiture offrent une prise optimale sur le volant. En raison de la\u00a0<b>Dos d\u00e9coup\u00e9 et trous pour les articulations<\/b> vos mains continuent de respirer et les gants sont comme une seconde peau. R\u00e9alis\u00e9 en cuir d'agneau 100% de couleur camel.<\/strong><\/em><\/p>\n<p>&nbsp;<\/p>","protected":false},"featured_media":10522,"comment_status":"open","ping_status":"closed","template":"","meta":[],"product_brand":[],"product_cat":[179,16,167,253,182],"product_tag":[220,203,96],"woo-feed-brand":[191],"class_list":{"0":"post-754","1":"product","2":"type-product","3":"status-publish","4":"has-post-thumbnail","6":"product_cat-autohandschoenen-heren","7":"product_cat-heren-handschoenen","8":"product_cat-leren-handschoenen-heren","9":"product_cat-scooterhandschoenen-heren","10":"product_cat-touchscreen-handschoenen-heren","11":"product_tag-autohandschoenen","12":"product_tag-bruine-handschoenen","13":"product_tag-smartphone-handschoenen","14":"woo-feed-brand-frickin","16":"first","17":"outofstock","18":"featured","19":"taxable","20":"shipping-taxable","21":"purchasable","22":"product-type-variable","23":"has-default-attributes"},"_links":{"self":[{"href":"https:\/\/frickin.nl\/fr\/wp-json\/wp\/v2\/product\/754","targetHints":{"allow":["GET"]}}],"collection":[{"href":"https:\/\/frickin.nl\/fr\/wp-json\/wp\/v2\/product"}],"about":[{"href":"https:\/\/frickin.nl\/fr\/wp-json\/wp\/v2\/types\/product"}],"replies":[{"embeddable":true,"href":"https:\/\/frickin.nl\/fr\/wp-json\/wp\/v2\/comments?post=754"}],"wp:featuredmedia":[{"embeddable":true,"href":"https:\/\/frickin.nl\/fr\/wp-json\/wp\/v2\/media\/10522"}],"wp:attachment":[{"href":"https:\/\/frickin.nl\/fr\/wp-json\/wp\/v2\/media?parent=754"}],"wp:term":[{"taxonomy":"product_brand","embeddable":true,"href":"https:\/\/frickin.nl\/fr\/wp-json\/wp\/v2\/product_brand?post=754"},{"taxonomy":"product_cat","embeddable":true,"href":"https:\/\/frickin.nl\/fr\/wp-json\/wp\/v2\/product_cat?post=754"},{"taxonomy":"product_tag","embeddable":true,"href":"https:\/\/frickin.nl\/fr\/wp-json\/wp\/v2\/product_tag?post=754"},{"taxonomy":"woo-feed-brand","embeddable":true,"href":"https:\/\/frickin.nl\/fr\/wp-json\/wp\/v2\/woo-feed-brand?post=754"}],"curies":[{"name":"wp","href":"https:\/\/api.w.org\/{rel}","templated":true}]}}