{"id":883,"date":"2020-08-26T18:30:03","date_gmt":"2020-08-26T18:30:03","guid":{"rendered":"https:\/\/frickin.nl\/?post_type=product&#038;p=883"},"modified":"2026-04-16T02:33:54","modified_gmt":"2026-04-16T00:33:54","slug":"cuir-gants-femme-jade","status":"publish","type":"product","link":"https:\/\/frickin.nl\/fr\/product\/jade-leren-dames-handschoenen-met-motief\/","title":{"rendered":"Jade (Noir) - Gants pour femmes en cuir d'agneau avec motif diamant, doublure en laine de luxe et fonction tactile"},"content":{"rendered":"<h2 style=\"text-align: left;\">JADE Gants en cuir \u00e0 motifs pour femmes<\/h2>\n<p>\"Jade\" est bien plus qu'une simple paire de gants en cuir pour femmes ; c'est l'expression du style et de l'\u00e9l\u00e9gance. Ces gants en cuir noir pour femmes sont con\u00e7us non seulement pour vous tenir chaud, mais aussi pour rehausser votre tenue. Le motif en losange sur la paume de \"Jade\" ajoute une touche de sophistication et d'allure \u00e0 votre look. Ces gants ne sont pas seulement un accessoire pratique pour l'hiver, mais aussi un \u00e9l\u00e9ment de mode. Gr\u00e2ce \u00e0 la fonction tactile int\u00e9gr\u00e9e, vous pouvez utiliser sans effort votre smartphone, votre tablette ou tout autre appareil \u00e0 \u00e9cran tactile sans enlever vos gants. Ainsi, vous restez toujours connect\u00e9 et pouvez facilement mettre \u00e0 jour vos m\u00e9dias sociaux, m\u00eame pendant les journ\u00e9es froides.<\/p>\n<p>Ce qui rend \"Jade\" vraiment sp\u00e9cial, c'est la chaude doublure naturelle 100% qui garde vos mains douillettes et confortables. Que vous alliez au travail \u00e0 v\u00e9lo, que vous organisiez une soir\u00e9e ou que vous profitiez simplement de l'hiver en plein air, ces gants sont le choix id\u00e9al. Et si vous cherchez une paire assortie pour votre partenaire, jetez un coup d'\u0153il \u00e0 notre collection <a href=\"https:\/\/frickin.nl\/fr\/lerecueil\/gants-hommes-2\/gants-cuir-homme\/\">gants en cuir pour hommes<\/a>. Ensemble, vous pouvez profiter du style, de la chaleur et du confort, et b\u00e9n\u00e9ficier de notre livraison gratuite aux Pays-Bas, en Belgique et en Allemagne. Choisissez \"Jade\" et embrassez l'hiver avec style et \u00e9l\u00e9gance.<\/p>","protected":false},"excerpt":{"rendered":"<p><em><strong>Gants pour femmes en cuir de jade avec un motif \u00e9l\u00e9gant. Ces gants \u00e9l\u00e9gants sont fabriqu\u00e9s en cuir de mouton 100% et comportent une confortable doublure en laine naturelle 100%. En outre, les gants sont compatibles avec les \u00e9crans tactiles, ce qui facilite l'utilisation de votre smartphone lorsqu'il fait froid dehors. Un cadeau parfait \u00e0 offrir !<\/strong><\/em><\/p>","protected":false},"featured_media":10452,"comment_status":"open","ping_status":"closed","template":"","meta":[],"product_brand":[],"product_cat":[17,168,183],"product_tag":[223,96,170,103,80],"woo-feed-brand":[191],"class_list":{"0":"post-883","1":"product","2":"type-product","3":"status-publish","4":"has-post-thumbnail","6":"product_cat-dames-handschoenen","7":"product_cat-leren-handschoenen-dames","8":"product_cat-touchscreen-handschoenen-dames","9":"product_tag-gevoerde-handschoenen","10":"product_tag-smartphone-handschoenen","11":"product_tag-waterdichte-handschoenen","12":"product_tag-winddichte-handschoenen","13":"product_tag-zwarte-handschoenen","14":"woo-feed-brand-frickin","16":"first","17":"outofstock","18":"featured","19":"taxable","20":"shipping-taxable","21":"purchasable","22":"product-type-variable","23":"has-default-attributes"},"_links":{"self":[{"href":"https:\/\/frickin.nl\/fr\/wp-json\/wp\/v2\/product\/883","targetHints":{"allow":["GET"]}}],"collection":[{"href":"https:\/\/frickin.nl\/fr\/wp-json\/wp\/v2\/product"}],"about":[{"href":"https:\/\/frickin.nl\/fr\/wp-json\/wp\/v2\/types\/product"}],"replies":[{"embeddable":true,"href":"https:\/\/frickin.nl\/fr\/wp-json\/wp\/v2\/comments?post=883"}],"wp:featuredmedia":[{"embeddable":true,"href":"https:\/\/frickin.nl\/fr\/wp-json\/wp\/v2\/media\/10452"}],"wp:attachment":[{"href":"https:\/\/frickin.nl\/fr\/wp-json\/wp\/v2\/media?parent=883"}],"wp:term":[{"taxonomy":"product_brand","embeddable":true,"href":"https:\/\/frickin.nl\/fr\/wp-json\/wp\/v2\/product_brand?post=883"},{"taxonomy":"product_cat","embeddable":true,"href":"https:\/\/frickin.nl\/fr\/wp-json\/wp\/v2\/product_cat?post=883"},{"taxonomy":"product_tag","embeddable":true,"href":"https:\/\/frickin.nl\/fr\/wp-json\/wp\/v2\/product_tag?post=883"},{"taxonomy":"woo-feed-brand","embeddable":true,"href":"https:\/\/frickin.nl\/fr\/wp-json\/wp\/v2\/woo-feed-brand?post=883"}],"curies":[{"name":"wp","href":"https:\/\/api.w.org\/{rel}","templated":true}]}}