{"id":893,"date":"2020-08-26T18:44:06","date_gmt":"2020-08-26T18:44:06","guid":{"rendered":"https:\/\/frickin.nl\/?post_type=product&#038;p=893"},"modified":"2026-04-30T03:29:17","modified_gmt":"2026-04-30T01:29:17","slug":"noir-cuir-gants-femme-ava","status":"publish","type":"product","link":"https:\/\/frickin.nl\/fr\/product\/zwart-leren-dames-handschoenen-ava\/","title":{"rendered":"Ava - Gants en cuir noir pour femmes en peau de mouton avec doublure en laine et fonction \u00e9cran tactile"},"content":{"rendered":"<h2 style=\"text-align: left;\">Gants en cuir noir pour femmes - AVA<\/h2>\n<p>Voici \"Ava\", l'incarnation de l'\u00e9l\u00e9gance intemporelle et de la sophistication dans une paire de gants. Fabriqu\u00e9s en cuir de mouton souple et uni, ces magnifiques gants en cuir noir pour femme sont une v\u00e9ritable addition \u00e0 votre garde-robe d'hiver. Le design minimaliste, sans motif, respire la simplicit\u00e9 et la classe, ce qui permet de les assortir sans effort \u00e0 n'importe quelle tenue.<\/p>\n<p>Ce qui rend \"Ava\" vraiment sp\u00e9cial, c'est l'attention port\u00e9e aux d\u00e9tails. Ces gants tombent \u00e9l\u00e9gamment autour du poignet, ce qui en fait un accessoire subtil mais qui attire l'attention. La doublure en laine naturelle noire offre un degr\u00e9 de chaleur et de confort sans pr\u00e9c\u00e9dent, la laine \u00e9tant connue pour ses propri\u00e9t\u00e9s isolantes et sa respirabilit\u00e9.<\/p>\n<p>Mais ce n'est pas tout. Ces gants sont dot\u00e9s d'un \u00e9cran tactile int\u00e9gr\u00e9, ce qui vous permet d'utiliser votre smartphone ou votre tablette sans enlever vos gants. C'est l'id\u00e9al pour ceux qui veulent rester connect\u00e9s \u00e0 tout moment, m\u00eame pendant les froides journ\u00e9es d'hiver. De plus, nous offrons la livraison gratuite aux Pays-Bas, en Belgique et en Allemagne, en guise de remerciement \u00e0 nos clients.<\/p>\n<p>Choisissez le mod\u00e8le \"Ava\", \u00e9l\u00e9gant, confortable et pratique. Compl\u00e9tant parfaitement votre style hivernal, ces gants garderont vos mains au chaud et avec style, quelle que soit l'occasion. Pr\u00e9parez-vous \u00e0 passer l'hiver en classe et n'oubliez pas que nous avons \u00e9galement des gants assortis. <a href=\"https:\/\/frickin.nl\/fr\/lerecueil\/gants-hommes-2\/gants-cuir-homme\/\">gants en cuir pour hommes<\/a> pour votre partenaire, avec l'\u00e9l\u00e9gant <a href=\"https:\/\/frickin.nl\/fr\/produit\/cuir-gants-hommes-jesse\/\">Mod\u00e8le \"Jesse<\/a>.<\/p>","protected":false},"excerpt":{"rendered":"<p><em><strong>Les gants Ava en cuir noir sont fabriqu\u00e9s \u00e0 partir du cuir le plus fin (peau de mouton souple 100%) et ont une doublure en laine naturelle. Les gants sont ainsi comme une seconde peau douce et offrent une chaleur confortable \u00e0 vos mains lorsque les temp\u00e9ratures baissent. Les gants disposent \u00e9galement d'une fonction d'\u00e9cran tactile qui vous permet d'utiliser facilement n'importe quel smartphone sans avoir \u00e0 retirer vos gants. Le cadeau id\u00e9al \u00e0 offrir !<\/strong><\/em><\/p>","protected":false},"featured_media":10447,"comment_status":"open","ping_status":"closed","template":"","meta":[],"product_brand":[],"product_cat":[17,168,183],"product_tag":[223,96,170,103,80],"woo-feed-brand":[],"class_list":{"0":"post-893","1":"product","2":"type-product","3":"status-publish","4":"has-post-thumbnail","6":"product_cat-dames-handschoenen","7":"product_cat-leren-handschoenen-dames","8":"product_cat-touchscreen-handschoenen-dames","9":"product_tag-gevoerde-handschoenen","10":"product_tag-smartphone-handschoenen","11":"product_tag-waterdichte-handschoenen","12":"product_tag-winddichte-handschoenen","13":"product_tag-zwarte-handschoenen","15":"first","16":"outofstock","17":"featured","18":"taxable","19":"shipping-taxable","20":"purchasable","21":"product-type-variable","22":"has-default-attributes"},"_links":{"self":[{"href":"https:\/\/frickin.nl\/fr\/wp-json\/wp\/v2\/product\/893","targetHints":{"allow":["GET"]}}],"collection":[{"href":"https:\/\/frickin.nl\/fr\/wp-json\/wp\/v2\/product"}],"about":[{"href":"https:\/\/frickin.nl\/fr\/wp-json\/wp\/v2\/types\/product"}],"replies":[{"embeddable":true,"href":"https:\/\/frickin.nl\/fr\/wp-json\/wp\/v2\/comments?post=893"}],"wp:featuredmedia":[{"embeddable":true,"href":"https:\/\/frickin.nl\/fr\/wp-json\/wp\/v2\/media\/10447"}],"wp:attachment":[{"href":"https:\/\/frickin.nl\/fr\/wp-json\/wp\/v2\/media?parent=893"}],"wp:term":[{"taxonomy":"product_brand","embeddable":true,"href":"https:\/\/frickin.nl\/fr\/wp-json\/wp\/v2\/product_brand?post=893"},{"taxonomy":"product_cat","embeddable":true,"href":"https:\/\/frickin.nl\/fr\/wp-json\/wp\/v2\/product_cat?post=893"},{"taxonomy":"product_tag","embeddable":true,"href":"https:\/\/frickin.nl\/fr\/wp-json\/wp\/v2\/product_tag?post=893"},{"taxonomy":"woo-feed-brand","embeddable":true,"href":"https:\/\/frickin.nl\/fr\/wp-json\/wp\/v2\/woo-feed-brand?post=893"}],"curies":[{"name":"wp","href":"https:\/\/api.w.org\/{rel}","templated":true}]}}