{"id":897,"date":"2020-08-28T09:37:24","date_gmt":"2020-08-28T09:37:24","guid":{"rendered":"https:\/\/frickin.nl\/?post_type=product&#038;p=897"},"modified":"2026-04-17T10:20:20","modified_gmt":"2026-04-17T08:20:20","slug":"cuir-gants-hiver-homme-james","status":"publish","type":"product","link":"https:\/\/frickin.nl\/fr\/product\/warme-winter-handschoenen-heren-james\/","title":{"rendered":"James (Black)- Gants en cuir de ch\u00e8vre pour hommes avec doublure en laine et fonction \u00e9cran tactile"},"content":{"rendered":"<h2 style=\"text-align: left;\">Gants d'hiver chauds - James<\/h2>\n<p>Voici \"James\", la solution ultime pour les froides journ\u00e9es d'hiver. Ces gants d'hiver chauds pour hommes, disponibles en noir intemporel et en marron classique, sont fabriqu\u00e9s en cuir de ch\u00e8vre noir de haute qualit\u00e9, ce qui leur conf\u00e8re non seulement une touche d'\u00e9l\u00e9gance, mais leur assure \u00e9galement durabilit\u00e9 et souplesse.<\/p>\n<p>Ce qui rend ces gants vraiment sp\u00e9ciaux, c'est la fonctionnalit\u00e9 d'\u00e9cran tactile int\u00e9gr\u00e9e. Cela signifie que vous n'avez pas besoin d'enlever vos gants pour utiliser votre smartphone ou votre tablette, et que vous restez toujours connect\u00e9 dans le froid.<\/p>\n<p>La doublure en laine 100% offre une chaleur in\u00e9gal\u00e9e et est merveilleusement douce contre la peau. Par temps froid, ces gants gardent vos mains confortablement au chaud et les prot\u00e8gent.<\/p>\n<p>Mais ce n'est pas tout ! Nous comprenons que le style est important, c'est pourquoi nous proposons \u00e9galement <a href=\"https:\/\/frickin.nl\/fr\/lerecueil\/gants-femme-6\/gants-cuir-femme\/\">gants en cuir pour dames<\/a> pour s'accorder parfaitement avec cette version masculine. Ainsi, vous et votre partenaire pourrez profiter de l'hiver avec style.<\/p>\n<p>Les gants \"James\" en peau de ch\u00e8vre v\u00e9ritable, doubl\u00e9s de laine 100% et dot\u00e9s d'un \u00e9cran tactile, sont le choix id\u00e9al pour ceux qui recherchent chaleur, style et fonctionnalit\u00e9 en un seul produit. Pr\u00e9parez-vous \u00e0 vivre une exp\u00e9rience hivernale confortable et \u00e9l\u00e9gante avec \"James\".<\/p>","protected":false},"excerpt":{"rendered":"<p><em><strong>Les James sont les gants d'hiver chauds id\u00e9aux pour les hommes. Le cuir de ch\u00e8vre noir s'adapte parfaitement \u00e0 la main et offre un ajustement parfait pour accomplir toutes les activit\u00e9s quotidiennes avec facilit\u00e9. Les gants en cuir sont comme une seconde peau. Pour le mod\u00e8le James, nous avons choisi une doublure en laine naturelle (40 grammes). Cela permet aux mains de respirer facilement et de ne plus avoir les mains moites.<\/strong><\/em><\/p>","protected":false},"featured_media":10417,"comment_status":"open","ping_status":"closed","template":"","meta":[],"product_brand":[],"product_cat":[16,167,253,182,252],"product_tag":[223,170,103,80],"woo-feed-brand":[191],"class_list":{"0":"post-897","1":"product","2":"type-product","3":"status-publish","4":"has-post-thumbnail","6":"product_cat-heren-handschoenen","7":"product_cat-leren-handschoenen-heren","8":"product_cat-scooterhandschoenen-heren","9":"product_cat-touchscreen-handschoenen-heren","10":"product_cat-winterhandschoenen-heren","11":"product_tag-gevoerde-handschoenen","12":"product_tag-waterdichte-handschoenen","13":"product_tag-winddichte-handschoenen","14":"product_tag-zwarte-handschoenen","15":"woo-feed-brand-frickin","17":"first","18":"instock","19":"featured","20":"taxable","21":"shipping-taxable","22":"purchasable","23":"product-type-variable","24":"has-default-attributes"},"_links":{"self":[{"href":"https:\/\/frickin.nl\/fr\/wp-json\/wp\/v2\/product\/897","targetHints":{"allow":["GET"]}}],"collection":[{"href":"https:\/\/frickin.nl\/fr\/wp-json\/wp\/v2\/product"}],"about":[{"href":"https:\/\/frickin.nl\/fr\/wp-json\/wp\/v2\/types\/product"}],"replies":[{"embeddable":true,"href":"https:\/\/frickin.nl\/fr\/wp-json\/wp\/v2\/comments?post=897"}],"wp:featuredmedia":[{"embeddable":true,"href":"https:\/\/frickin.nl\/fr\/wp-json\/wp\/v2\/media\/10417"}],"wp:attachment":[{"href":"https:\/\/frickin.nl\/fr\/wp-json\/wp\/v2\/media?parent=897"}],"wp:term":[{"taxonomy":"product_brand","embeddable":true,"href":"https:\/\/frickin.nl\/fr\/wp-json\/wp\/v2\/product_brand?post=897"},{"taxonomy":"product_cat","embeddable":true,"href":"https:\/\/frickin.nl\/fr\/wp-json\/wp\/v2\/product_cat?post=897"},{"taxonomy":"product_tag","embeddable":true,"href":"https:\/\/frickin.nl\/fr\/wp-json\/wp\/v2\/product_tag?post=897"},{"taxonomy":"woo-feed-brand","embeddable":true,"href":"https:\/\/frickin.nl\/fr\/wp-json\/wp\/v2\/woo-feed-brand?post=897"}],"curies":[{"name":"wp","href":"https:\/\/api.w.org\/{rel}","templated":true}]}}