{"id":908,"date":"2020-08-28T10:12:22","date_gmt":"2020-08-28T10:12:22","guid":{"rendered":"https:\/\/frickin.nl\/?post_type=product&#038;p=908"},"modified":"2026-04-17T02:37:58","modified_gmt":"2026-04-17T00:37:58","slug":"cuir-gants-hommes-jesse","status":"publish","type":"product","link":"https:\/\/frickin.nl\/fr\/product\/leren-handschoenen-heren-gevoerd-jesse\/","title":{"rendered":"Jesse (Black) - Gants de luxe en cuir de mouton doubl\u00e9 de laine pour hommes avec fonction \u00e9cran tactile"},"content":{"rendered":"<h2 style=\"text-align: left;\">Gants en cuir rembourr\u00e9s pour hommes - Jesse<\/h2>\n<p>\"Jesse\" - un \u00e9quilibre parfait entre l'\u00e9l\u00e9gance et la fonctionnalit\u00e9 des gants pour hommes. Ces gants en cuir pour homme sont fabriqu\u00e9s en cuir de mouton souple et doubl\u00e9s de laine naturelle 100%, ce qui leur conf\u00e8re une chaleur et un confort in\u00e9gal\u00e9s. Leur couleur noire unie conf\u00e8re \u00e0 ces gants un style intemporel.<\/p>\n<p>Les gants en cuir pour homme doubl\u00e9s \"Jesse\" se distinguent par leur \u00e9cran tactile int\u00e9gr\u00e9, qui vous permet d'utiliser facilement votre t\u00e9l\u00e9phone, votre tablette et votre syst\u00e8me de navigation de voiture sans enlever vos gants. Ces gants sont donc parfaits pour l'homme moderne qui est toujours en mouvement et qui veut rester joignable.<\/p>\n<p>Que vous fassiez de la randonn\u00e9e, du v\u00e9lo ou de la course \u00e0 pied, le mod\u00e8le \"Jesse\" convient \u00e0 tous les types d'activit\u00e9s et offre une combinaison parfaite de style et de fonctionnalit\u00e9. Choisissez \"Jesse\" et embrassez l'hiver avec sophistication et chaleur, sans compromettre votre connectivit\u00e9 mobile.<\/p>\n<p>Un conseil : d\u00e9couvrez notre gamme de produits <a href=\"https:\/\/frickin.nl\/fr\/lerecueil\/gants-femme-6\/gants-cuir-femme\/\">gants en cuir pour dames<\/a> pour votre partenaire, ou choisissez une paire de gants assortie pour les femmes, \u00e0 savoir le <a href=\"https:\/\/frickin.nl\/fr\/produit\/noir-cuir-gants-femme-ava\/\">\"Ava<\/a>. Vous pouvez ainsi sortir ensemble avec style et compl\u00e9ter votre tenue.<\/p>","protected":false},"excerpt":{"rendered":"<p><em><strong>Le mod\u00e8le Jesse sont des gants en cuir homme doubl\u00e9s d'une confortable (40 grammes) doublure en laine naturelle. Cela permet aux mains de respirer et d'\u00e9viter les mains moites. Les gants sont fabriqu\u00e9s en peau de mouton v\u00e9ritable et souple 100% qui tombe sur la main comme une seconde peau et sont imperm\u00e9ables et coupe-vent. Dans le cuir se trouve une fonction d'\u00e9cran tactile sp\u00e9cialement trait\u00e9e gr\u00e2ce \u00e0 la nanotechnologie. Cela vous permet d'utiliser facilement tous les appareils tels que les smartphones. En bref, la Jesse est un v\u00e9ritable atout pour l'hiver.<\/strong><\/em><\/p>","protected":false},"featured_media":31763,"comment_status":"open","ping_status":"closed","template":"","meta":[],"product_brand":[],"product_cat":[16,167,253,182,252],"product_tag":[223,96,170,103,80],"woo-feed-brand":[191],"class_list":{"0":"post-908","1":"product","2":"type-product","3":"status-publish","4":"has-post-thumbnail","6":"product_cat-heren-handschoenen","7":"product_cat-leren-handschoenen-heren","8":"product_cat-scooterhandschoenen-heren","9":"product_cat-touchscreen-handschoenen-heren","10":"product_cat-winterhandschoenen-heren","11":"product_tag-gevoerde-handschoenen","12":"product_tag-smartphone-handschoenen","13":"product_tag-waterdichte-handschoenen","14":"product_tag-winddichte-handschoenen","15":"product_tag-zwarte-handschoenen","16":"woo-feed-brand-frickin","18":"first","19":"outofstock","20":"taxable","21":"shipping-taxable","22":"purchasable","23":"product-type-variable","24":"has-default-attributes"},"_links":{"self":[{"href":"https:\/\/frickin.nl\/fr\/wp-json\/wp\/v2\/product\/908","targetHints":{"allow":["GET"]}}],"collection":[{"href":"https:\/\/frickin.nl\/fr\/wp-json\/wp\/v2\/product"}],"about":[{"href":"https:\/\/frickin.nl\/fr\/wp-json\/wp\/v2\/types\/product"}],"replies":[{"embeddable":true,"href":"https:\/\/frickin.nl\/fr\/wp-json\/wp\/v2\/comments?post=908"}],"wp:featuredmedia":[{"embeddable":true,"href":"https:\/\/frickin.nl\/fr\/wp-json\/wp\/v2\/media\/31763"}],"wp:attachment":[{"href":"https:\/\/frickin.nl\/fr\/wp-json\/wp\/v2\/media?parent=908"}],"wp:term":[{"taxonomy":"product_brand","embeddable":true,"href":"https:\/\/frickin.nl\/fr\/wp-json\/wp\/v2\/product_brand?post=908"},{"taxonomy":"product_cat","embeddable":true,"href":"https:\/\/frickin.nl\/fr\/wp-json\/wp\/v2\/product_cat?post=908"},{"taxonomy":"product_tag","embeddable":true,"href":"https:\/\/frickin.nl\/fr\/wp-json\/wp\/v2\/product_tag?post=908"},{"taxonomy":"woo-feed-brand","embeddable":true,"href":"https:\/\/frickin.nl\/fr\/wp-json\/wp\/v2\/woo-feed-brand?post=908"}],"curies":[{"name":"wp","href":"https:\/\/api.w.org\/{rel}","templated":true}]}}