{"id":915,"date":"2020-08-28T10:40:29","date_gmt":"2020-08-28T10:40:29","guid":{"rendered":"https:\/\/frickin.nl\/?post_type=product&#038;p=915"},"modified":"2026-05-01T15:46:11","modified_gmt":"2026-05-01T13:46:11","slug":"noir-cuir-gants-homme-jack","status":"publish","type":"product","link":"https:\/\/frickin.nl\/fr\/product\/zwarte-leren-heren-handschoenen-kasjmier-jack\/","title":{"rendered":"Jack - Gants en cuir de ch\u00e8vre pour homme avec doublure en laine, ceinture et fonction \u00e9cran tactile"},"content":{"rendered":"<h2 style=\"text-align: left;\">Gants en cuir noir pour hommes - Jack<\/h2>\n<p>Les gants Jack en cuir noir pour homme sont con\u00e7us pour les hommes qui aiment le style avec une touche de robustesse. Le motif grossier du cuir de ch\u00e8vre donne un aspect robuste, tandis que la doublure chaude en laine donne \u00e0 vos mains une sensation de confort et de luxe. De plus, les gants sont compatibles avec les \u00e9crans tactiles, ce qui vous permet d'utiliser facilement votre smartphone sans avoir \u00e0 retirer vos gants. Gr\u00e2ce \u00e0 la sangle r\u00e9glable, ils s'ajustent parfaitement, et leur conception \u00e9tanche au vent et \u00e0 l'eau en fait un choix id\u00e9al pour un usage quotidien comme pour les occasions sp\u00e9ciales.<\/p>\n<h3>Pourquoi choisir les gants Jack ?<\/h3>\n<ul>\n<li class=\"bullet-checkmark\">Cuir de ch\u00e8vre de premi\u00e8re qualit\u00e9 \u00e0 gros grain pour un aspect robuste<\/li>\n<li class=\"bullet-checkmark\">Doublure luxueuse en laine 40g pour la chaleur et le confort<\/li>\n<li class=\"bullet-checkmark\">Imperm\u00e9able au vent et \u00e0 l'eau : r\u00e9sistant \u00e0 tous les temps<\/li>\n<li class=\"bullet-checkmark\">Contr\u00f4lez votre smartphone \u00e0 l'aide de l'\u00e9cran tactile, m\u00eame avec des gants<\/li>\n<li class=\"bullet-checkmark\">Ajustement parfait gr\u00e2ce \u00e0 la sangle r\u00e9glable<\/li>\n<\/ul>\n<h3>Commandez vos nouveaux gants chez Frickin d\u00e8s aujourd'hui et profitez-en :<\/h3>\n<ul>\n<li class=\"bullet-checkmark\">Livraison gratuite pour tous vos achats<\/li>\n<li class=\"bullet-checkmark\">Livraison rapide, les commandes pass\u00e9es avant 23h45 sont exp\u00e9di\u00e9es aujourd'hui.<\/li>\n<li class=\"bullet-checkmark\">Post-paiement avec protection totale de l'acheteur<\/li>\n<li class=\"bullet-checkmark\">Not\u00e9 9.2 par nos clients<\/li>\n<\/ul>\n<p>\ud83d\udca1 Conseil de style : Vous cherchez une coupe plus ajust\u00e9e sans ceinture ? <a href=\"https:\/\/frickin.nl\/fr\/produit\/cuir-gants-hiver-homme-james\/\">D\u00e9couvrez nos gants James<\/a>. Envie de compl\u00e9ter votre tenue d'hiver ? Combinez Jack avec notre <a href=\"https:\/\/frickin.nl\/fr\/lerecueil\/mutsen-en-sjaals\/\">bonnets et \u00e9charpes en laine m\u00e9rinos<\/a> pour un look \u00e9l\u00e9gant de la t\u00eate aux pieds.<\/p>","protected":false},"excerpt":{"rendered":"<p><em><strong>Ces gants en cuir noir Jack sont fabriqu\u00e9s en cuir de ch\u00e8vre 100% souple et r\u00e9sistant qui offre une bonne protection contre les intemp\u00e9ries et le vent. Les gants sont donc \u00e9tanches \u00e0 l'eau et au vent. Les mains et les doigts froids sont de l'histoire ancienne gr\u00e2ce \u00e0 la doublure en laine naturelle de 40 grammes d'\u00e9paisseur. Le tissu naturel permet aux mains de respirer et \u00e9vite les doigts moites ou en sueur. Le mod\u00e8le Jack est donc la touche finale de votre tenue !<\/strong><\/em><\/p>","protected":false},"featured_media":31387,"comment_status":"open","ping_status":"closed","template":"","meta":[],"product_brand":[],"product_cat":[16,167,253,182,252],"product_tag":[223,170,103,80],"woo-feed-brand":[191],"class_list":{"0":"post-915","1":"product","2":"type-product","3":"status-publish","4":"has-post-thumbnail","6":"product_cat-heren-handschoenen","7":"product_cat-leren-handschoenen-heren","8":"product_cat-scooterhandschoenen-heren","9":"product_cat-touchscreen-handschoenen-heren","10":"product_cat-winterhandschoenen-heren","11":"product_tag-gevoerde-handschoenen","12":"product_tag-waterdichte-handschoenen","13":"product_tag-winddichte-handschoenen","14":"product_tag-zwarte-handschoenen","15":"woo-feed-brand-frickin","17":"first","18":"outofstock","19":"featured","20":"taxable","21":"shipping-taxable","22":"purchasable","23":"product-type-variable","24":"has-default-attributes"},"_links":{"self":[{"href":"https:\/\/frickin.nl\/fr\/wp-json\/wp\/v2\/product\/915","targetHints":{"allow":["GET"]}}],"collection":[{"href":"https:\/\/frickin.nl\/fr\/wp-json\/wp\/v2\/product"}],"about":[{"href":"https:\/\/frickin.nl\/fr\/wp-json\/wp\/v2\/types\/product"}],"replies":[{"embeddable":true,"href":"https:\/\/frickin.nl\/fr\/wp-json\/wp\/v2\/comments?post=915"}],"wp:featuredmedia":[{"embeddable":true,"href":"https:\/\/frickin.nl\/fr\/wp-json\/wp\/v2\/media\/31387"}],"wp:attachment":[{"href":"https:\/\/frickin.nl\/fr\/wp-json\/wp\/v2\/media?parent=915"}],"wp:term":[{"taxonomy":"product_brand","embeddable":true,"href":"https:\/\/frickin.nl\/fr\/wp-json\/wp\/v2\/product_brand?post=915"},{"taxonomy":"product_cat","embeddable":true,"href":"https:\/\/frickin.nl\/fr\/wp-json\/wp\/v2\/product_cat?post=915"},{"taxonomy":"product_tag","embeddable":true,"href":"https:\/\/frickin.nl\/fr\/wp-json\/wp\/v2\/product_tag?post=915"},{"taxonomy":"woo-feed-brand","embeddable":true,"href":"https:\/\/frickin.nl\/fr\/wp-json\/wp\/v2\/woo-feed-brand?post=915"}],"curies":[{"name":"wp","href":"https:\/\/api.w.org\/{rel}","templated":true}]}}